{"id":989634,"date":"2025-08-14T13:24:35","date_gmt":"2025-08-14T13:24:35","guid":{"rendered":"https:\/\/alvesarchitects.com\/?page_id=989634"},"modified":"2025-08-14T13:26:55","modified_gmt":"2025-08-14T13:26:55","slug":"construction-management-and-site-inspection","status":"publish","type":"page","link":"https:\/\/alvesarchitects.com\/pt\/services\/construction-management-and-site-inspection\/","title":{"rendered":"Constru\u00e7\u00e3o e Fiscaliza\u00e7\u00e3o de Obra"},"content":{"rendered":"<div data-elementor-type=\"wp-page\" data-elementor-id=\"989634\" class=\"elementor elementor-989634\" data-elementor-post-type=\"page\">\n\t\t\t\t<div data-particle_enable=\"false\" data-particle-mobile-disabled=\"false\" class=\"elementor-element elementor-element-57a4964 e-flex e-con-boxed e-con e-parent\" data-id=\"57a4964\" data-element_type=\"container\" data-e-type=\"container\">\n\t\t\t\t\t<div class=\"e-con-inner\">\n\t\t<div data-particle_enable=\"false\" data-particle-mobile-disabled=\"false\" class=\"elementor-element elementor-element-560995c e-con-full e-flex e-con e-child\" data-id=\"560995c\" data-element_type=\"container\" data-e-type=\"container\">\n\t\t<div data-particle_enable=\"false\" data-particle-mobile-disabled=\"false\" class=\"elementor-element elementor-element-e79a6af elementor-invisible e-con-full e-flex e-con e-child\" data-id=\"e79a6af\" data-element_type=\"container\" data-e-type=\"container\" data-settings=\"{&quot;sticky&quot;:&quot;top&quot;,&quot;sticky_on&quot;:[&quot;tablet&quot;],&quot;sticky_offset&quot;:80,&quot;sticky_offset_tablet&quot;:70,&quot;sticky_effects_offset&quot;:80,&quot;sticky_effects_offset_tablet&quot;:70,&quot;sticky_parent&quot;:&quot;yes&quot;,&quot;animation&quot;:&quot;fadeInLeft&quot;,&quot;sticky_anchor_link_offset&quot;:0}\">\n\t\t\t\t<div class=\"elementor-element elementor-element-cc6804f elementor-widget__width-initial elementor-widget-mobile__width-inherit elementor-widget elementor-widget-heading\" data-id=\"cc6804f\" data-element_type=\"widget\" data-e-type=\"widget\" data-widget_type=\"heading.default\">\n\t\t\t\t<div class=\"elementor-widget-container\">\n\t\t\t\t\t<h2 class=\"elementor-heading-title elementor-size-default\">Constru\u00e7\u00e3o e Fiscaliza\u00e7\u00e3o de Obra<\/h2>\t\t\t\t<\/div>\n\t\t\t\t<\/div>\n\t\t\t\t<\/div>\n\t\t<div data-particle_enable=\"false\" data-particle-mobile-disabled=\"false\" class=\"elementor-element elementor-element-b550e33 elementor-invisible e-con-full e-flex e-con e-child\" data-id=\"b550e33\" data-element_type=\"container\" data-e-type=\"container\" data-settings=\"{&quot;animation&quot;:&quot;fadeInRight&quot;}\">\n\t\t\t\t<div class=\"elementor-element elementor-element-e614e13 elementor-widget elementor-widget-text-editor\" data-id=\"e614e13\" data-element_type=\"widget\" data-e-type=\"widget\" data-widget_type=\"text-editor.default\">\n\t\t\t\t<div class=\"elementor-widget-container\">\n\t\t\t\t\t\t\t\t\t<p style=\"text-align: justify;\">Oferecemos servi\u00e7os rigorosos de gest\u00e3o de constru\u00e7\u00e3o e fiscaliza\u00e7\u00e3o de obra para garantir que cada projecto seja executado segundo os mais elevados padr\u00f5es de qualidade, precis\u00e3o e efici\u00eancia. A nossa abordagem come\u00e7a com uma supervis\u00e3o t\u00e9cnica pr\u00f3xima no local, monitorizando continuamente o processo construtivo para verificar que todos os trabalhos estejam alinhados com as especifica\u00e7\u00f5es de projeto aprovadas e os crit\u00e9rios de desempenho definidos.<\/p><p>Realizamos um controlo de qualidade cont\u00ednuo, inspecionando materiais e execu\u00e7\u00e3o para manter a excel\u00eancia em todas as fases da constru\u00e7\u00e3o. A gest\u00e3o do cronograma \u00e9 tamb\u00e9m uma prioridade, acompanhando o progresso face aos prazos estabelecidos para garantir o cumprimento das metas interm\u00e9dias e da data final de entrega do projecto.<\/p><p>Adicionalmente, supervisionamos o or\u00e7amento, gerindo cuidadosamente os custos e recursos para evitar excedentes, ao mesmo tempo que preservamos a integridade e o \u00e2mbito do projecto. Atuando como ponto central de coordena\u00e7\u00e3o, facilitamos a comunica\u00e7\u00e3o clara entre clientes, empreiteiros e fornecedores, permitindo a r\u00e1pida resolu\u00e7\u00e3o de quest\u00f5es e um fluxo de trabalho harmonioso entre todas as partes envolvidas.<\/p>\t\t\t\t\t\t\t\t<\/div>\n\t\t\t\t<\/div>\n\t\t\t\t<\/div>\n\t\t\t\t<\/div>\n\t\t\t\t\t<\/div>\n\t\t\t\t<\/div>\n\t\t<div data-particle_enable=\"false\" data-particle-mobile-disabled=\"false\" class=\"elementor-element elementor-element-ce3deba e-flex e-con-boxed e-con e-parent\" data-id=\"ce3deba\" data-element_type=\"container\" data-e-type=\"container\">\n\t\t\t\t\t<div class=\"e-con-inner\">\n\t\t<div data-particle_enable=\"false\" data-particle-mobile-disabled=\"false\" class=\"elementor-element elementor-element-6385119 e-con-full e-flex e-con e-child\" data-id=\"6385119\" data-element_type=\"container\" data-e-type=\"container\">\n\t\t<div data-particle_enable=\"false\" data-particle-mobile-disabled=\"false\" class=\"elementor-element elementor-element-7d3f084 e-con-full e-flex e-con e-child\" data-id=\"7d3f084\" data-element_type=\"container\" data-e-type=\"container\">\n\t\t\t\t<div class=\"elementor-element elementor-element-290b186 elementor-invisible elementor-widget elementor-widget-heading\" data-id=\"290b186\" data-element_type=\"widget\" data-e-type=\"widget\" data-settings=\"{&quot;_animation&quot;:&quot;fadeIn&quot;,&quot;_animation_delay&quot;:1000}\" data-widget_type=\"heading.default\">\n\t\t\t\t<div class=\"elementor-widget-container\">\n\t\t\t\t\t<h6 class=\"elementor-heading-title elementor-size-default\">Obras Geridas e Fiscalizadas<\/h6>\t\t\t\t<\/div>\n\t\t\t\t<\/div>\n\t\t\t\t<\/div>\n\t\t\t\t<div class=\"elementor-element elementor-element-9aab659 elementor-widget elementor-widget-gallery\" data-id=\"9aab659\" data-element_type=\"widget\" data-e-type=\"widget\" data-settings=\"{&quot;lazyload&quot;:&quot;yes&quot;,&quot;gallery_layout&quot;:&quot;grid&quot;,&quot;columns&quot;:4,&quot;columns_tablet&quot;:2,&quot;columns_mobile&quot;:1,&quot;gap&quot;:{&quot;unit&quot;:&quot;px&quot;,&quot;size&quot;:10,&quot;sizes&quot;:[]},&quot;gap_tablet&quot;:{&quot;unit&quot;:&quot;px&quot;,&quot;size&quot;:10,&quot;sizes&quot;:[]},&quot;gap_mobile&quot;:{&quot;unit&quot;:&quot;px&quot;,&quot;size&quot;:10,&quot;sizes&quot;:[]},&quot;link_to&quot;:&quot;file&quot;,&quot;aspect_ratio&quot;:&quot;3:2&quot;,&quot;overlay_background&quot;:&quot;yes&quot;,&quot;content_hover_animation&quot;:&quot;fade-in&quot;}\" data-widget_type=\"gallery.default\">\n\t\t\t\t<div class=\"elementor-widget-container\">\n\t\t\t\t\t\t\t<div class=\"elementor-gallery__container\">\n\t\t\t\t\t\t\t<a class=\"e-gallery-item elementor-gallery-item elementor-animated-content\" href=\"https:\/\/alvesarchitects.com\/wp-content\/uploads\/2025\/07\/Condominio-Habitacional-ORION36-moradias-de-alto-padrao-compoem-este-magnifico-empreendimento.jpg\" data-elementor-open-lightbox=\"yes\" data-elementor-lightbox-slideshow=\"9aab659\" data-e-action-hash=\"#elementor-action%3Aaction%3Dlightbox%26settings%3DeyJpZCI6OTg4MjczLCJ1cmwiOiJodHRwczpcL1wvYWx2ZXNhcmNoaXRlY3RzLmNvbVwvd3AtY29udGVudFwvdXBsb2Fkc1wvMjAyNVwvMDdcL0NvbmRvbWluaW8tSGFiaXRhY2lvbmFsLU9SSU9OMzYtbW9yYWRpYXMtZGUtYWx0by1wYWRyYW8tY29tcG9lbS1lc3RlLW1hZ25pZmljby1lbXByZWVuZGltZW50by5qcGciLCJzbGlkZXNob3ciOiI5YWFiNjU5In0%3D\">\n\t\t\t\t\t<div class=\"e-gallery-image elementor-gallery-item__image\" data-thumbnail=\"https:\/\/alvesarchitects.com\/wp-content\/uploads\/2025\/07\/Condominio-Habitacional-ORION36-moradias-de-alto-padrao-compoem-este-magnifico-empreendimento.jpg\" data-width=\"1080\" data-height=\"1350\" aria-label=\"\" role=\"img\" ><\/div>\n\t\t\t\t\t\t\t\t\t\t\t<div class=\"elementor-gallery-item__overlay\"><\/div>\n\t\t\t\t\t\t\t\t\t\t\t\t\t\t<\/a>\n\t\t\t\t\t\t\t<a class=\"e-gallery-item elementor-gallery-item elementor-animated-content\" href=\"https:\/\/alvesarchitects.com\/wp-content\/uploads\/2025\/07\/PREDIO-MASSALA-Os-condominios-habitacionais-sao-desenhados-a-pensar-na-comodidade-e-seguranca-d.jpg\" data-elementor-open-lightbox=\"yes\" data-elementor-lightbox-slideshow=\"9aab659\" data-e-action-hash=\"#elementor-action%3Aaction%3Dlightbox%26settings%3DeyJpZCI6OTg4MjcyLCJ1cmwiOiJodHRwczpcL1wvYWx2ZXNhcmNoaXRlY3RzLmNvbVwvd3AtY29udGVudFwvdXBsb2Fkc1wvMjAyNVwvMDdcL1BSRURJTy1NQVNTQUxBLU9zLWNvbmRvbWluaW9zLWhhYml0YWNpb25haXMtc2FvLWRlc2VuaGFkb3MtYS1wZW5zYXItbmEtY29tb2RpZGFkZS1lLXNlZ3VyYW5jYS1kLmpwZyIsInNsaWRlc2hvdyI6IjlhYWI2NTkifQ%3D%3D\">\n\t\t\t\t\t<div class=\"e-gallery-image elementor-gallery-item__image\" data-thumbnail=\"https:\/\/alvesarchitects.com\/wp-content\/uploads\/2025\/07\/PREDIO-MASSALA-Os-condominios-habitacionais-sao-desenhados-a-pensar-na-comodidade-e-seguranca-d.jpg\" data-width=\"1080\" data-height=\"1350\" aria-label=\"\" role=\"img\" ><\/div>\n\t\t\t\t\t\t\t\t\t\t\t<div class=\"elementor-gallery-item__overlay\"><\/div>\n\t\t\t\t\t\t\t\t\t\t\t\t\t\t<\/a>\n\t\t\t\t\t\t\t<a class=\"e-gallery-item elementor-gallery-item elementor-animated-content\" href=\"https:\/\/alvesarchitects.com\/wp-content\/uploads\/2025\/07\/Fotografia-de-Moradias-Geminadas.Em-todas-as-nossas-moradias-procuramos-sempre-inovar-dentro-da.jpg\" data-elementor-open-lightbox=\"yes\" data-elementor-lightbox-slideshow=\"9aab659\" data-e-action-hash=\"#elementor-action%3Aaction%3Dlightbox%26settings%3DeyJpZCI6OTg4MjcxLCJ1cmwiOiJodHRwczpcL1wvYWx2ZXNhcmNoaXRlY3RzLmNvbVwvd3AtY29udGVudFwvdXBsb2Fkc1wvMjAyNVwvMDdcL0ZvdG9ncmFmaWEtZGUtTW9yYWRpYXMtR2VtaW5hZGFzLkVtLXRvZGFzLWFzLW5vc3Nhcy1tb3JhZGlhcy1wcm9jdXJhbW9zLXNlbXByZS1pbm92YXItZGVudHJvLWRhLmpwZyIsInNsaWRlc2hvdyI6IjlhYWI2NTkifQ%3D%3D\">\n\t\t\t\t\t<div class=\"e-gallery-image elementor-gallery-item__image\" data-thumbnail=\"https:\/\/alvesarchitects.com\/wp-content\/uploads\/2025\/07\/Fotografia-de-Moradias-Geminadas.Em-todas-as-nossas-moradias-procuramos-sempre-inovar-dentro-da.jpg\" data-width=\"1080\" data-height=\"1080\" aria-label=\"\" role=\"img\" ><\/div>\n\t\t\t\t\t\t\t\t\t\t\t<div class=\"elementor-gallery-item__overlay\"><\/div>\n\t\t\t\t\t\t\t\t\t\t\t\t\t\t<\/a>\n\t\t\t\t\t\t\t<a class=\"e-gallery-item elementor-gallery-item elementor-animated-content\" href=\"https:\/\/alvesarchitects.com\/wp-content\/uploads\/2025\/07\/Fotografia-de-Moradias-Geminadas.Em-todas-as-nossas-moradias-procuramos-sempre-inovar-dentro-da-1.jpg\" data-elementor-open-lightbox=\"yes\" data-elementor-lightbox-slideshow=\"9aab659\" data-e-action-hash=\"#elementor-action%3Aaction%3Dlightbox%26settings%3DeyJpZCI6OTg4MjcwLCJ1cmwiOiJodHRwczpcL1wvYWx2ZXNhcmNoaXRlY3RzLmNvbVwvd3AtY29udGVudFwvdXBsb2Fkc1wvMjAyNVwvMDdcL0ZvdG9ncmFmaWEtZGUtTW9yYWRpYXMtR2VtaW5hZGFzLkVtLXRvZGFzLWFzLW5vc3Nhcy1tb3JhZGlhcy1wcm9jdXJhbW9zLXNlbXByZS1pbm92YXItZGVudHJvLWRhLTEuanBnIiwic2xpZGVzaG93IjoiOWFhYjY1OSJ9\">\n\t\t\t\t\t<div class=\"e-gallery-image elementor-gallery-item__image\" data-thumbnail=\"https:\/\/alvesarchitects.com\/wp-content\/uploads\/2025\/07\/Fotografia-de-Moradias-Geminadas.Em-todas-as-nossas-moradias-procuramos-sempre-inovar-dentro-da-1.jpg\" data-width=\"1080\" data-height=\"1080\" aria-label=\"\" role=\"img\" ><\/div>\n\t\t\t\t\t\t\t\t\t\t\t<div class=\"elementor-gallery-item__overlay\"><\/div>\n\t\t\t\t\t\t\t\t\t\t\t\t\t\t<\/a>\n\t\t\t\t\t<\/div>\n\t\t\t\t\t<\/div>\n\t\t\t\t<\/div>\n\t\t\t\t<\/div>\n\t\t\t\t\t<\/div>\n\t\t\t\t<\/div>\n\t\t\t\t<\/div>","protected":false},"excerpt":{"rendered":"<p>Construction Management and Site Inspection We offer rigorous construction management and site inspection services to ensure that each project is executed according to the highest standards of quality, precision, and efficiency. Our approach begins with close technical supervision on site, consistently monitoring the construction process to verify that all work aligns with the approved design&#8230;<\/p>","protected":false},"author":1,"featured_media":989627,"parent":25,"menu_order":0,"comment_status":"closed","ping_status":"closed","template":"essential-blocks-fullwidth-template.php","meta":{"_eb_attr":"","footnotes":""},"class_list":["post-989634","page","type-page","status-publish","has-post-thumbnail","hentry"],"yoast_head":"<!-- This site is optimized with the Yoast SEO Premium plugin v25.6 (Yoast SEO v27.3) - https:\/\/yoast.com\/product\/yoast-seo-premium-wordpress\/ -->\n<title>Construction Management and Site Inspection - Alves &amp; Architects<\/title>\n<meta name=\"description\" content=\"We provide construction management and site inspection, ensuring quality, schedule adherence, cost control, and seamless project execution.\" \/>\n<meta name=\"robots\" content=\"index, follow, max-snippet:-1, max-image-preview:large, max-video-preview:-1\" \/>\n<link rel=\"canonical\" href=\"https:\/\/alvesarchitects.com\/pt\/services\/construction-management-and-site-inspection\/\" \/>\n<meta property=\"og:locale\" content=\"pt_PT\" \/>\n<meta property=\"og:type\" content=\"article\" \/>\n<meta property=\"og:title\" content=\"Construction Management and Site Inspection\" \/>\n<meta property=\"og:description\" content=\"We provide construction management and site inspection, ensuring quality, schedule adherence, cost control, and seamless project execution.\" \/>\n<meta property=\"og:url\" content=\"https:\/\/alvesarchitects.com\/pt\/services\/construction-management-and-site-inspection\/\" \/>\n<meta property=\"og:site_name\" content=\"Alves &amp; Architects\" \/>\n<meta property=\"article:publisher\" content=\"https:\/\/web.facebook.com\/alvesarquitectura\" \/>\n<meta property=\"article:modified_time\" content=\"2025-08-14T13:26:55+00:00\" \/>\n<meta property=\"og:image\" content=\"https:\/\/alvesarchitects.com\/wp-content\/uploads\/2025\/08\/Logo-black-EN-5.png\" \/>\n\t<meta property=\"og:image:width\" content=\"1359\" \/>\n\t<meta property=\"og:image:height\" content=\"438\" \/>\n\t<meta property=\"og:image:type\" content=\"image\/png\" \/>\n<meta name=\"twitter:card\" content=\"summary_large_image\" \/>\n<meta name=\"twitter:label1\" content=\"Tempo estimado de leitura\" \/>\n\t<meta name=\"twitter:data1\" content=\"1 minuto\" \/>\n<script type=\"application\/ld+json\" class=\"yoast-schema-graph\">{\"@context\":\"https:\\\/\\\/schema.org\",\"@graph\":[{\"@type\":\"WebPage\",\"@id\":\"https:\\\/\\\/alvesarchitects.com\\\/services\\\/construction-management-and-site-inspection\\\/\",\"url\":\"https:\\\/\\\/alvesarchitects.com\\\/services\\\/construction-management-and-site-inspection\\\/\",\"name\":\"Construction Management and Site Inspection - Alves &amp; Architects\",\"isPartOf\":{\"@id\":\"https:\\\/\\\/alvesarchitects.com\\\/#website\"},\"primaryImageOfPage\":{\"@id\":\"https:\\\/\\\/alvesarchitects.com\\\/services\\\/construction-management-and-site-inspection\\\/#primaryimage\"},\"image\":{\"@id\":\"https:\\\/\\\/alvesarchitects.com\\\/services\\\/construction-management-and-site-inspection\\\/#primaryimage\"},\"thumbnailUrl\":\"https:\\\/\\\/alvesarchitects.com\\\/wp-content\\\/uploads\\\/2025\\\/08\\\/Logo-black-EN-5.png\",\"datePublished\":\"2025-08-14T13:24:35+00:00\",\"dateModified\":\"2025-08-14T13:26:55+00:00\",\"description\":\"We provide construction management and site inspection, ensuring quality, schedule adherence, cost control, and seamless project execution.\",\"breadcrumb\":{\"@id\":\"https:\\\/\\\/alvesarchitects.com\\\/services\\\/construction-management-and-site-inspection\\\/#breadcrumb\"},\"inLanguage\":\"pt-PT\",\"potentialAction\":[{\"@type\":\"ReadAction\",\"target\":[\"https:\\\/\\\/alvesarchitects.com\\\/services\\\/construction-management-and-site-inspection\\\/\"]}]},{\"@type\":\"ImageObject\",\"inLanguage\":\"pt-PT\",\"@id\":\"https:\\\/\\\/alvesarchitects.com\\\/services\\\/construction-management-and-site-inspection\\\/#primaryimage\",\"url\":\"https:\\\/\\\/alvesarchitects.com\\\/wp-content\\\/uploads\\\/2025\\\/08\\\/Logo-black-EN-5.png\",\"contentUrl\":\"https:\\\/\\\/alvesarchitects.com\\\/wp-content\\\/uploads\\\/2025\\\/08\\\/Logo-black-EN-5.png\",\"width\":1359,\"height\":438},{\"@type\":\"BreadcrumbList\",\"@id\":\"https:\\\/\\\/alvesarchitects.com\\\/services\\\/construction-management-and-site-inspection\\\/#breadcrumb\",\"itemListElement\":[{\"@type\":\"ListItem\",\"position\":1,\"name\":\"Home\",\"item\":\"https:\\\/\\\/alvesarchitects.com\\\/\"},{\"@type\":\"ListItem\",\"position\":2,\"name\":\"Services\",\"item\":\"https:\\\/\\\/alvesarchitects.com\\\/services\\\/\"},{\"@type\":\"ListItem\",\"position\":3,\"name\":\"Construction Management and Site Inspection\"}]},{\"@type\":\"WebSite\",\"@id\":\"https:\\\/\\\/alvesarchitects.com\\\/#website\",\"url\":\"https:\\\/\\\/alvesarchitects.com\\\/\",\"name\":\"Alves & Architects\",\"description\":\"We create spaces that tell stories\",\"publisher\":{\"@id\":\"https:\\\/\\\/alvesarchitects.com\\\/#organization\"},\"potentialAction\":[{\"@type\":\"SearchAction\",\"target\":{\"@type\":\"EntryPoint\",\"urlTemplate\":\"https:\\\/\\\/alvesarchitects.com\\\/?s={search_term_string}\"},\"query-input\":{\"@type\":\"PropertyValueSpecification\",\"valueRequired\":true,\"valueName\":\"search_term_string\"}}],\"inLanguage\":\"pt-PT\"},{\"@type\":\"Organization\",\"@id\":\"https:\\\/\\\/alvesarchitects.com\\\/#organization\",\"name\":\"Alves & Architects\",\"url\":\"https:\\\/\\\/alvesarchitects.com\\\/\",\"logo\":{\"@type\":\"ImageObject\",\"inLanguage\":\"pt-PT\",\"@id\":\"https:\\\/\\\/alvesarchitects.com\\\/#\\\/schema\\\/logo\\\/image\\\/\",\"url\":\"https:\\\/\\\/alvesarchitects.com\\\/wp-content\\\/uploads\\\/2025\\\/08\\\/Logo-black-EN.png\",\"contentUrl\":\"https:\\\/\\\/alvesarchitects.com\\\/wp-content\\\/uploads\\\/2025\\\/08\\\/Logo-black-EN.png\",\"width\":333,\"height\":329,\"caption\":\"Alves & Architects\"},\"image\":{\"@id\":\"https:\\\/\\\/alvesarchitects.com\\\/#\\\/schema\\\/logo\\\/image\\\/\"},\"sameAs\":[\"https:\\\/\\\/web.facebook.com\\\/alvesarquitectura\",\"https:\\\/\\\/www.instagram.com\\\/alvesarchitects\\\/\",\"https:\\\/\\\/www.tiktok.com\\\/@alvesearquitectos\",\"https:\\\/\\\/www.pinterest.com\\\/alvesarquitectos\\\/\",\"https:\\\/\\\/api.whatsapp.com\\\/send?phone=971553429447\"]}]}<\/script>\n<!-- \/ Yoast SEO Premium plugin. -->","yoast_head_json":{"title":"Construction Management and Site Inspection - Alves &amp; Architects","description":"We provide construction management and site inspection, ensuring quality, schedule adherence, cost control, and seamless project execution.","robots":{"index":"index","follow":"follow","max-snippet":"max-snippet:-1","max-image-preview":"max-image-preview:large","max-video-preview":"max-video-preview:-1"},"canonical":"https:\/\/alvesarchitects.com\/pt\/services\/construction-management-and-site-inspection\/","og_locale":"pt_PT","og_type":"article","og_title":"Construction Management and Site Inspection","og_description":"We provide construction management and site inspection, ensuring quality, schedule adherence, cost control, and seamless project execution.","og_url":"https:\/\/alvesarchitects.com\/pt\/services\/construction-management-and-site-inspection\/","og_site_name":"Alves &amp; Architects","article_publisher":"https:\/\/web.facebook.com\/alvesarquitectura","article_modified_time":"2025-08-14T13:26:55+00:00","og_image":[{"width":1359,"height":438,"url":"https:\/\/alvesarchitects.com\/wp-content\/uploads\/2025\/08\/Logo-black-EN-5.png","type":"image\/png"}],"twitter_card":"summary_large_image","twitter_misc":{"Tempo estimado de leitura":"1 minuto"},"schema":{"@context":"https:\/\/schema.org","@graph":[{"@type":"WebPage","@id":"https:\/\/alvesarchitects.com\/services\/construction-management-and-site-inspection\/","url":"https:\/\/alvesarchitects.com\/services\/construction-management-and-site-inspection\/","name":"Construction Management and Site Inspection - Alves &amp; Architects","isPartOf":{"@id":"https:\/\/alvesarchitects.com\/#website"},"primaryImageOfPage":{"@id":"https:\/\/alvesarchitects.com\/services\/construction-management-and-site-inspection\/#primaryimage"},"image":{"@id":"https:\/\/alvesarchitects.com\/services\/construction-management-and-site-inspection\/#primaryimage"},"thumbnailUrl":"https:\/\/alvesarchitects.com\/wp-content\/uploads\/2025\/08\/Logo-black-EN-5.png","datePublished":"2025-08-14T13:24:35+00:00","dateModified":"2025-08-14T13:26:55+00:00","description":"We provide construction management and site inspection, ensuring quality, schedule adherence, cost control, and seamless project execution.","breadcrumb":{"@id":"https:\/\/alvesarchitects.com\/services\/construction-management-and-site-inspection\/#breadcrumb"},"inLanguage":"pt-PT","potentialAction":[{"@type":"ReadAction","target":["https:\/\/alvesarchitects.com\/services\/construction-management-and-site-inspection\/"]}]},{"@type":"ImageObject","inLanguage":"pt-PT","@id":"https:\/\/alvesarchitects.com\/services\/construction-management-and-site-inspection\/#primaryimage","url":"https:\/\/alvesarchitects.com\/wp-content\/uploads\/2025\/08\/Logo-black-EN-5.png","contentUrl":"https:\/\/alvesarchitects.com\/wp-content\/uploads\/2025\/08\/Logo-black-EN-5.png","width":1359,"height":438},{"@type":"BreadcrumbList","@id":"https:\/\/alvesarchitects.com\/services\/construction-management-and-site-inspection\/#breadcrumb","itemListElement":[{"@type":"ListItem","position":1,"name":"Home","item":"https:\/\/alvesarchitects.com\/"},{"@type":"ListItem","position":2,"name":"Services","item":"https:\/\/alvesarchitects.com\/services\/"},{"@type":"ListItem","position":3,"name":"Construction Management and Site Inspection"}]},{"@type":"WebSite","@id":"https:\/\/alvesarchitects.com\/#website","url":"https:\/\/alvesarchitects.com\/","name":"Alves & Architects","description":"We create spaces that tell stories","publisher":{"@id":"https:\/\/alvesarchitects.com\/#organization"},"potentialAction":[{"@type":"SearchAction","target":{"@type":"EntryPoint","urlTemplate":"https:\/\/alvesarchitects.com\/?s={search_term_string}"},"query-input":{"@type":"PropertyValueSpecification","valueRequired":true,"valueName":"search_term_string"}}],"inLanguage":"pt-PT"},{"@type":"Organization","@id":"https:\/\/alvesarchitects.com\/#organization","name":"Alves & Architects","url":"https:\/\/alvesarchitects.com\/","logo":{"@type":"ImageObject","inLanguage":"pt-PT","@id":"https:\/\/alvesarchitects.com\/#\/schema\/logo\/image\/","url":"https:\/\/alvesarchitects.com\/wp-content\/uploads\/2025\/08\/Logo-black-EN.png","contentUrl":"https:\/\/alvesarchitects.com\/wp-content\/uploads\/2025\/08\/Logo-black-EN.png","width":333,"height":329,"caption":"Alves & Architects"},"image":{"@id":"https:\/\/alvesarchitects.com\/#\/schema\/logo\/image\/"},"sameAs":["https:\/\/web.facebook.com\/alvesarquitectura","https:\/\/www.instagram.com\/alvesarchitects\/","https:\/\/www.tiktok.com\/@alvesearquitectos","https:\/\/www.pinterest.com\/alvesarquitectos\/","https:\/\/api.whatsapp.com\/send?phone=971553429447"]}]}},"_links":{"self":[{"href":"https:\/\/alvesarchitects.com\/pt\/wp-json\/wp\/v2\/pages\/989634","targetHints":{"allow":["GET"]}}],"collection":[{"href":"https:\/\/alvesarchitects.com\/pt\/wp-json\/wp\/v2\/pages"}],"about":[{"href":"https:\/\/alvesarchitects.com\/pt\/wp-json\/wp\/v2\/types\/page"}],"author":[{"embeddable":true,"href":"https:\/\/alvesarchitects.com\/pt\/wp-json\/wp\/v2\/users\/1"}],"replies":[{"embeddable":true,"href":"https:\/\/alvesarchitects.com\/pt\/wp-json\/wp\/v2\/comments?post=989634"}],"version-history":[{"count":4,"href":"https:\/\/alvesarchitects.com\/pt\/wp-json\/wp\/v2\/pages\/989634\/revisions"}],"predecessor-version":[{"id":989638,"href":"https:\/\/alvesarchitects.com\/pt\/wp-json\/wp\/v2\/pages\/989634\/revisions\/989638"}],"up":[{"embeddable":true,"href":"https:\/\/alvesarchitects.com\/pt\/wp-json\/wp\/v2\/pages\/25"}],"wp:featuredmedia":[{"embeddable":true,"href":"https:\/\/alvesarchitects.com\/pt\/wp-json\/wp\/v2\/media\/989627"}],"wp:attachment":[{"href":"https:\/\/alvesarchitects.com\/pt\/wp-json\/wp\/v2\/media?parent=989634"}],"curies":[{"name":"wp","href":"https:\/\/api.w.org\/{rel}","templated":true}]}}