{"id":989628,"date":"2025-08-14T13:19:25","date_gmt":"2025-08-14T13:19:25","guid":{"rendered":"https:\/\/alvesarchitects.com\/?page_id=989628"},"modified":"2025-08-14T13:21:58","modified_gmt":"2025-08-14T13:21:58","slug":"interior-design","status":"publish","type":"page","link":"https:\/\/alvesarchitects.com\/pt\/services\/interior-design\/","title":{"rendered":"Design de Interiores"},"content":{"rendered":"<div data-elementor-type=\"wp-page\" data-elementor-id=\"989628\" class=\"elementor elementor-989628\" data-elementor-post-type=\"page\">\n\t\t\t\t<div data-particle_enable=\"false\" data-particle-mobile-disabled=\"false\" class=\"elementor-element elementor-element-57a4964 e-flex e-con-boxed e-con e-parent\" data-id=\"57a4964\" data-element_type=\"container\" data-e-type=\"container\">\n\t\t\t\t\t<div class=\"e-con-inner\">\n\t\t<div data-particle_enable=\"false\" data-particle-mobile-disabled=\"false\" class=\"elementor-element elementor-element-560995c e-con-full e-flex e-con e-child\" data-id=\"560995c\" data-element_type=\"container\" data-e-type=\"container\">\n\t\t<div data-particle_enable=\"false\" data-particle-mobile-disabled=\"false\" class=\"elementor-element elementor-element-e79a6af elementor-invisible e-con-full e-flex e-con e-child\" data-id=\"e79a6af\" data-element_type=\"container\" data-e-type=\"container\" data-settings=\"{&quot;sticky&quot;:&quot;top&quot;,&quot;sticky_on&quot;:[&quot;tablet&quot;],&quot;sticky_offset&quot;:80,&quot;sticky_offset_tablet&quot;:70,&quot;sticky_effects_offset&quot;:80,&quot;sticky_effects_offset_tablet&quot;:70,&quot;sticky_parent&quot;:&quot;yes&quot;,&quot;animation&quot;:&quot;fadeInLeft&quot;,&quot;sticky_anchor_link_offset&quot;:0}\">\n\t\t\t\t<div class=\"elementor-element elementor-element-cc6804f elementor-widget__width-initial elementor-widget-mobile__width-inherit elementor-widget elementor-widget-heading\" data-id=\"cc6804f\" data-element_type=\"widget\" data-e-type=\"widget\" data-widget_type=\"heading.default\">\n\t\t\t\t<div class=\"elementor-widget-container\">\n\t\t\t\t\t<h2 class=\"elementor-heading-title elementor-size-default\">Design de Interiores<\/h2>\t\t\t\t<\/div>\n\t\t\t\t<\/div>\n\t\t\t\t<\/div>\n\t\t<div data-particle_enable=\"false\" data-particle-mobile-disabled=\"false\" class=\"elementor-element elementor-element-b550e33 elementor-invisible e-con-full e-flex e-con e-child\" data-id=\"b550e33\" data-element_type=\"container\" data-e-type=\"container\" data-settings=\"{&quot;animation&quot;:&quot;fadeInRight&quot;}\">\n\t\t\t\t<div class=\"elementor-element elementor-element-e614e13 elementor-widget elementor-widget-text-editor\" data-id=\"e614e13\" data-element_type=\"widget\" data-e-type=\"widget\" data-widget_type=\"text-editor.default\">\n\t\t\t\t<div class=\"elementor-widget-container\">\n\t\t\t\t\t\t\t\t\t<p style=\"text-align: justify;\">Os nossos servi\u00e7os de design de interiores centram-se na cria\u00e7\u00e3o de ambientes esteticamente refinados e funcionalmente eficientes. Come\u00e7amos com um planeamento estrat\u00e9gico do espa\u00e7o, concebendo layouts que otimizam o fluxo, a acessibilidade e a utiliza\u00e7\u00e3o prevista de cada \u00e1rea.<\/p><p>A selec\u00e7\u00e3o dos materiais \u00e9 cuidadosamente curada, com acabamentos, t\u00eaxteis e superf\u00edcies escolhidos para alinhar com o prop\u00f3sito do projecto, a atmosfera desejada e a orienta\u00e7\u00e3o estil\u00edstica. Tamb\u00e9m damos especial aten\u00e7\u00e3o ao design e escolha do mobili\u00e1rio, integrando pe\u00e7as que equilibram conforto, funcionalidade e apelo visual, ao mesmo tempo que refletem a identidade do cliente.<\/p><p>A ilumina\u00e7\u00e3o desempenha um papel fundamental na nossa abordagem de design \u2014 desenvolvemos esquemas de ilumina\u00e7\u00e3o que real\u00e7am a ambi\u00eancia, apoiam a funcionalidade e valorizam os elementos arquitet\u00f3nicos. Por fim, coordenamos acabamentos e detalhes decorativos, harmonizando paletas de cores, texturas e acentos para garantir uma experi\u00eancia interior coesa e sofisticada.<\/p>\t\t\t\t\t\t\t\t<\/div>\n\t\t\t\t<\/div>\n\t\t\t\t<\/div>\n\t\t\t\t<\/div>\n\t\t\t\t\t<\/div>\n\t\t\t\t<\/div>\n\t\t<div data-particle_enable=\"false\" data-particle-mobile-disabled=\"false\" class=\"elementor-element elementor-element-7b42bce e-flex e-con-boxed e-con e-parent\" data-id=\"7b42bce\" data-element_type=\"container\" data-e-type=\"container\">\n\t\t\t\t\t<div class=\"e-con-inner\">\n\t\t<div data-particle_enable=\"false\" data-particle-mobile-disabled=\"false\" class=\"elementor-element elementor-element-207a2c1 e-con-full e-flex e-con e-child\" data-id=\"207a2c1\" data-element_type=\"container\" data-e-type=\"container\">\n\t\t<div data-particle_enable=\"false\" data-particle-mobile-disabled=\"false\" class=\"elementor-element elementor-element-b999ef0 e-con-full e-flex e-con e-child\" data-id=\"b999ef0\" data-element_type=\"container\" data-e-type=\"container\">\n\t\t\t\t<div class=\"elementor-element elementor-element-f96510c elementor-invisible elementor-widget elementor-widget-heading\" data-id=\"f96510c\" data-element_type=\"widget\" data-e-type=\"widget\" data-settings=\"{&quot;_animation&quot;:&quot;fadeIn&quot;,&quot;_animation_delay&quot;:1000}\" data-widget_type=\"heading.default\">\n\t\t\t\t<div class=\"elementor-widget-container\">\n\t\t\t\t\t<h6 class=\"elementor-heading-title elementor-size-default\">Projectos de Design de Interiores<\/h6>\t\t\t\t<\/div>\n\t\t\t\t<\/div>\n\t\t\t\t<\/div>\n\t\t\t\t<div class=\"elementor-element elementor-element-955a21a elementor-widget elementor-widget-gallery\" data-id=\"955a21a\" data-element_type=\"widget\" data-e-type=\"widget\" data-settings=\"{&quot;lazyload&quot;:&quot;yes&quot;,&quot;gallery_layout&quot;:&quot;grid&quot;,&quot;columns&quot;:4,&quot;columns_tablet&quot;:2,&quot;columns_mobile&quot;:1,&quot;gap&quot;:{&quot;unit&quot;:&quot;px&quot;,&quot;size&quot;:10,&quot;sizes&quot;:[]},&quot;gap_tablet&quot;:{&quot;unit&quot;:&quot;px&quot;,&quot;size&quot;:10,&quot;sizes&quot;:[]},&quot;gap_mobile&quot;:{&quot;unit&quot;:&quot;px&quot;,&quot;size&quot;:10,&quot;sizes&quot;:[]},&quot;link_to&quot;:&quot;file&quot;,&quot;aspect_ratio&quot;:&quot;3:2&quot;,&quot;overlay_background&quot;:&quot;yes&quot;,&quot;content_hover_animation&quot;:&quot;fade-in&quot;}\" data-widget_type=\"gallery.default\">\n\t\t\t\t<div class=\"elementor-widget-container\">\n\t\t\t\t\t\t\t<div class=\"elementor-gallery__container\">\n\t\t\t\t\t\t\t<a class=\"e-gallery-item elementor-gallery-item elementor-animated-content\" href=\"https:\/\/alvesarchitects.com\/wp-content\/uploads\/2025\/08\/03-3.jpg\" data-elementor-open-lightbox=\"yes\" data-elementor-lightbox-slideshow=\"955a21a\" data-e-action-hash=\"#elementor-action%3Aaction%3Dlightbox%26settings%3DeyJpZCI6OTg4ODM5LCJ1cmwiOiJodHRwczpcL1wvYWx2ZXNhcmNoaXRlY3RzLmNvbVwvd3AtY29udGVudFwvdXBsb2Fkc1wvMjAyNVwvMDhcLzAzLTMuanBnIiwic2xpZGVzaG93IjoiOTU1YTIxYSJ9\">\n\t\t\t\t\t<div class=\"e-gallery-image elementor-gallery-item__image\" data-thumbnail=\"https:\/\/alvesarchitects.com\/wp-content\/uploads\/2025\/08\/03-3.jpg\" data-width=\"1092\" data-height=\"1241\" aria-label=\"\" role=\"img\" ><\/div>\n\t\t\t\t\t\t\t\t\t\t\t<div class=\"elementor-gallery-item__overlay\"><\/div>\n\t\t\t\t\t\t\t\t\t\t\t\t\t\t<\/a>\n\t\t\t\t\t\t\t<a class=\"e-gallery-item elementor-gallery-item elementor-animated-content\" href=\"https:\/\/alvesarchitects.com\/wp-content\/uploads\/2025\/08\/04-4.jpg\" data-elementor-open-lightbox=\"yes\" data-elementor-lightbox-slideshow=\"955a21a\" data-e-action-hash=\"#elementor-action%3Aaction%3Dlightbox%26settings%3DeyJpZCI6OTg4ODcyLCJ1cmwiOiJodHRwczpcL1wvYWx2ZXNhcmNoaXRlY3RzLmNvbVwvd3AtY29udGVudFwvdXBsb2Fkc1wvMjAyNVwvMDhcLzA0LTQuanBnIiwic2xpZGVzaG93IjoiOTU1YTIxYSJ9\">\n\t\t\t\t\t<div class=\"e-gallery-image elementor-gallery-item__image\" data-thumbnail=\"https:\/\/alvesarchitects.com\/wp-content\/uploads\/2025\/08\/04-4.jpg\" data-width=\"1092\" data-height=\"1241\" aria-label=\"\" role=\"img\" ><\/div>\n\t\t\t\t\t\t\t\t\t\t\t<div class=\"elementor-gallery-item__overlay\"><\/div>\n\t\t\t\t\t\t\t\t\t\t\t\t\t\t<\/a>\n\t\t\t\t\t\t\t<a class=\"e-gallery-item elementor-gallery-item elementor-animated-content\" href=\"https:\/\/alvesarchitects.com\/wp-content\/uploads\/2025\/08\/07-2.jpg\" data-elementor-open-lightbox=\"yes\" data-elementor-lightbox-slideshow=\"955a21a\" data-e-action-hash=\"#elementor-action%3Aaction%3Dlightbox%26settings%3DeyJpZCI6OTg4OTA1LCJ1cmwiOiJodHRwczpcL1wvYWx2ZXNhcmNoaXRlY3RzLmNvbVwvd3AtY29udGVudFwvdXBsb2Fkc1wvMjAyNVwvMDhcLzA3LTIuanBnIiwic2xpZGVzaG93IjoiOTU1YTIxYSJ9\">\n\t\t\t\t\t<div class=\"e-gallery-image elementor-gallery-item__image\" data-thumbnail=\"https:\/\/alvesarchitects.com\/wp-content\/uploads\/2025\/08\/07-2.jpg\" data-width=\"1092\" data-height=\"1456\" aria-label=\"\" role=\"img\" ><\/div>\n\t\t\t\t\t\t\t\t\t\t\t<div class=\"elementor-gallery-item__overlay\"><\/div>\n\t\t\t\t\t\t\t\t\t\t\t\t\t\t<\/a>\n\t\t\t\t\t\t\t<a class=\"e-gallery-item elementor-gallery-item elementor-animated-content\" href=\"https:\/\/alvesarchitects.com\/wp-content\/uploads\/2025\/08\/03.jpg\" data-elementor-open-lightbox=\"yes\" data-elementor-lightbox-slideshow=\"955a21a\" data-e-action-hash=\"#elementor-action%3Aaction%3Dlightbox%26settings%3DeyJpZCI6OTg4Nzg0LCJ1cmwiOiJodHRwczpcL1wvYWx2ZXNhcmNoaXRlY3RzLmNvbVwvd3AtY29udGVudFwvdXBsb2Fkc1wvMjAyNVwvMDhcLzAzLmpwZyIsInNsaWRlc2hvdyI6Ijk1NWEyMWEifQ%3D%3D\">\n\t\t\t\t\t<div class=\"e-gallery-image elementor-gallery-item__image\" data-thumbnail=\"https:\/\/alvesarchitects.com\/wp-content\/uploads\/2025\/08\/03.jpg\" data-width=\"1092\" data-height=\"1456\" aria-label=\"\" role=\"img\" ><\/div>\n\t\t\t\t\t\t\t\t\t\t\t<div class=\"elementor-gallery-item__overlay\"><\/div>\n\t\t\t\t\t\t\t\t\t\t\t\t\t\t<\/a>\n\t\t\t\t\t<\/div>\n\t\t\t\t\t<\/div>\n\t\t\t\t<\/div>\n\t\t\t\t<\/div>\n\t\t\t\t\t<\/div>\n\t\t\t\t<\/div>\n\t\t\t\t<\/div>","protected":false},"excerpt":{"rendered":"<p>Interior design Our interior design services are centered on creating environments that are both aesthetically refined and functionally efficient. We begin with strategic space planning, designing layouts that optimize flow, accessibility, and the intended use of each area. Material selection is carefully curated, with finishes, textiles, and surfaces chosen to align with the project&#8217;s purpose,&#8230;<\/p>","protected":false},"author":1,"featured_media":989627,"parent":25,"menu_order":0,"comment_status":"closed","ping_status":"closed","template":"essential-blocks-fullwidth-template.php","meta":{"_eb_attr":"","footnotes":""},"class_list":["post-989628","page","type-page","status-publish","has-post-thumbnail","hentry"],"yoast_head":"<!-- This site is optimized with the Yoast SEO Premium plugin v25.6 (Yoast SEO v27.3) - https:\/\/yoast.com\/product\/yoast-seo-premium-wordpress\/ -->\n<title>Interior design - Alves &amp; Architects<\/title>\n<meta name=\"description\" content=\"&quot;Our interior design services create functional, refined spaces with optimized layouts, curated materials, lighting, and cohesive finishes.\" \/>\n<meta name=\"robots\" content=\"index, follow, max-snippet:-1, max-image-preview:large, max-video-preview:-1\" \/>\n<link rel=\"canonical\" href=\"https:\/\/alvesarchitects.com\/pt\/services\/interior-design\/\" \/>\n<meta property=\"og:locale\" content=\"pt_PT\" \/>\n<meta property=\"og:type\" content=\"article\" \/>\n<meta property=\"og:title\" content=\"Interior design\" \/>\n<meta property=\"og:description\" content=\"&quot;Our interior design services create functional, refined spaces with optimized layouts, curated materials, lighting, and cohesive finishes.\" \/>\n<meta property=\"og:url\" content=\"https:\/\/alvesarchitects.com\/pt\/services\/interior-design\/\" \/>\n<meta property=\"og:site_name\" content=\"Alves &amp; Architects\" \/>\n<meta property=\"article:publisher\" content=\"https:\/\/web.facebook.com\/alvesarquitectura\" \/>\n<meta property=\"article:modified_time\" content=\"2025-08-14T13:21:58+00:00\" \/>\n<meta property=\"og:image\" content=\"https:\/\/alvesarchitects.com\/wp-content\/uploads\/2025\/08\/Logo-black-EN-5.png\" \/>\n\t<meta property=\"og:image:width\" content=\"1359\" \/>\n\t<meta property=\"og:image:height\" content=\"438\" \/>\n\t<meta property=\"og:image:type\" content=\"image\/png\" \/>\n<meta name=\"twitter:card\" content=\"summary_large_image\" \/>\n<meta name=\"twitter:label1\" content=\"Tempo estimado de leitura\" \/>\n\t<meta name=\"twitter:data1\" content=\"1 minuto\" \/>\n<script type=\"application\/ld+json\" class=\"yoast-schema-graph\">{\"@context\":\"https:\\\/\\\/schema.org\",\"@graph\":[{\"@type\":\"WebPage\",\"@id\":\"https:\\\/\\\/alvesarchitects.com\\\/services\\\/interior-design\\\/\",\"url\":\"https:\\\/\\\/alvesarchitects.com\\\/services\\\/interior-design\\\/\",\"name\":\"Interior design - Alves &amp; Architects\",\"isPartOf\":{\"@id\":\"https:\\\/\\\/alvesarchitects.com\\\/#website\"},\"primaryImageOfPage\":{\"@id\":\"https:\\\/\\\/alvesarchitects.com\\\/services\\\/interior-design\\\/#primaryimage\"},\"image\":{\"@id\":\"https:\\\/\\\/alvesarchitects.com\\\/services\\\/interior-design\\\/#primaryimage\"},\"thumbnailUrl\":\"https:\\\/\\\/alvesarchitects.com\\\/wp-content\\\/uploads\\\/2025\\\/08\\\/Logo-black-EN-5.png\",\"datePublished\":\"2025-08-14T13:19:25+00:00\",\"dateModified\":\"2025-08-14T13:21:58+00:00\",\"description\":\"\\\"Our interior design services create functional, refined spaces with optimized layouts, curated materials, lighting, and cohesive finishes.\",\"breadcrumb\":{\"@id\":\"https:\\\/\\\/alvesarchitects.com\\\/services\\\/interior-design\\\/#breadcrumb\"},\"inLanguage\":\"pt-PT\",\"potentialAction\":[{\"@type\":\"ReadAction\",\"target\":[\"https:\\\/\\\/alvesarchitects.com\\\/services\\\/interior-design\\\/\"]}]},{\"@type\":\"ImageObject\",\"inLanguage\":\"pt-PT\",\"@id\":\"https:\\\/\\\/alvesarchitects.com\\\/services\\\/interior-design\\\/#primaryimage\",\"url\":\"https:\\\/\\\/alvesarchitects.com\\\/wp-content\\\/uploads\\\/2025\\\/08\\\/Logo-black-EN-5.png\",\"contentUrl\":\"https:\\\/\\\/alvesarchitects.com\\\/wp-content\\\/uploads\\\/2025\\\/08\\\/Logo-black-EN-5.png\",\"width\":1359,\"height\":438},{\"@type\":\"BreadcrumbList\",\"@id\":\"https:\\\/\\\/alvesarchitects.com\\\/services\\\/interior-design\\\/#breadcrumb\",\"itemListElement\":[{\"@type\":\"ListItem\",\"position\":1,\"name\":\"Home\",\"item\":\"https:\\\/\\\/alvesarchitects.com\\\/\"},{\"@type\":\"ListItem\",\"position\":2,\"name\":\"Services\",\"item\":\"https:\\\/\\\/alvesarchitects.com\\\/services\\\/\"},{\"@type\":\"ListItem\",\"position\":3,\"name\":\"Interior design\"}]},{\"@type\":\"WebSite\",\"@id\":\"https:\\\/\\\/alvesarchitects.com\\\/#website\",\"url\":\"https:\\\/\\\/alvesarchitects.com\\\/\",\"name\":\"Alves & Architects\",\"description\":\"We create spaces that tell stories\",\"publisher\":{\"@id\":\"https:\\\/\\\/alvesarchitects.com\\\/#organization\"},\"potentialAction\":[{\"@type\":\"SearchAction\",\"target\":{\"@type\":\"EntryPoint\",\"urlTemplate\":\"https:\\\/\\\/alvesarchitects.com\\\/?s={search_term_string}\"},\"query-input\":{\"@type\":\"PropertyValueSpecification\",\"valueRequired\":true,\"valueName\":\"search_term_string\"}}],\"inLanguage\":\"pt-PT\"},{\"@type\":\"Organization\",\"@id\":\"https:\\\/\\\/alvesarchitects.com\\\/#organization\",\"name\":\"Alves & Architects\",\"url\":\"https:\\\/\\\/alvesarchitects.com\\\/\",\"logo\":{\"@type\":\"ImageObject\",\"inLanguage\":\"pt-PT\",\"@id\":\"https:\\\/\\\/alvesarchitects.com\\\/#\\\/schema\\\/logo\\\/image\\\/\",\"url\":\"https:\\\/\\\/alvesarchitects.com\\\/wp-content\\\/uploads\\\/2025\\\/08\\\/Logo-black-EN.png\",\"contentUrl\":\"https:\\\/\\\/alvesarchitects.com\\\/wp-content\\\/uploads\\\/2025\\\/08\\\/Logo-black-EN.png\",\"width\":333,\"height\":329,\"caption\":\"Alves & Architects\"},\"image\":{\"@id\":\"https:\\\/\\\/alvesarchitects.com\\\/#\\\/schema\\\/logo\\\/image\\\/\"},\"sameAs\":[\"https:\\\/\\\/web.facebook.com\\\/alvesarquitectura\",\"https:\\\/\\\/www.instagram.com\\\/alvesarchitects\\\/\",\"https:\\\/\\\/www.tiktok.com\\\/@alvesearquitectos\",\"https:\\\/\\\/www.pinterest.com\\\/alvesarquitectos\\\/\",\"https:\\\/\\\/api.whatsapp.com\\\/send?phone=971553429447\"]}]}<\/script>\n<!-- \/ Yoast SEO Premium plugin. -->","yoast_head_json":{"title":"Interior design - Alves &amp; Architects","description":"\"Our interior design services create functional, refined spaces with optimized layouts, curated materials, lighting, and cohesive finishes.","robots":{"index":"index","follow":"follow","max-snippet":"max-snippet:-1","max-image-preview":"max-image-preview:large","max-video-preview":"max-video-preview:-1"},"canonical":"https:\/\/alvesarchitects.com\/pt\/services\/interior-design\/","og_locale":"pt_PT","og_type":"article","og_title":"Interior design","og_description":"\"Our interior design services create functional, refined spaces with optimized layouts, curated materials, lighting, and cohesive finishes.","og_url":"https:\/\/alvesarchitects.com\/pt\/services\/interior-design\/","og_site_name":"Alves &amp; Architects","article_publisher":"https:\/\/web.facebook.com\/alvesarquitectura","article_modified_time":"2025-08-14T13:21:58+00:00","og_image":[{"width":1359,"height":438,"url":"https:\/\/alvesarchitects.com\/wp-content\/uploads\/2025\/08\/Logo-black-EN-5.png","type":"image\/png"}],"twitter_card":"summary_large_image","twitter_misc":{"Tempo estimado de leitura":"1 minuto"},"schema":{"@context":"https:\/\/schema.org","@graph":[{"@type":"WebPage","@id":"https:\/\/alvesarchitects.com\/services\/interior-design\/","url":"https:\/\/alvesarchitects.com\/services\/interior-design\/","name":"Interior design - Alves &amp; Architects","isPartOf":{"@id":"https:\/\/alvesarchitects.com\/#website"},"primaryImageOfPage":{"@id":"https:\/\/alvesarchitects.com\/services\/interior-design\/#primaryimage"},"image":{"@id":"https:\/\/alvesarchitects.com\/services\/interior-design\/#primaryimage"},"thumbnailUrl":"https:\/\/alvesarchitects.com\/wp-content\/uploads\/2025\/08\/Logo-black-EN-5.png","datePublished":"2025-08-14T13:19:25+00:00","dateModified":"2025-08-14T13:21:58+00:00","description":"\"Our interior design services create functional, refined spaces with optimized layouts, curated materials, lighting, and cohesive finishes.","breadcrumb":{"@id":"https:\/\/alvesarchitects.com\/services\/interior-design\/#breadcrumb"},"inLanguage":"pt-PT","potentialAction":[{"@type":"ReadAction","target":["https:\/\/alvesarchitects.com\/services\/interior-design\/"]}]},{"@type":"ImageObject","inLanguage":"pt-PT","@id":"https:\/\/alvesarchitects.com\/services\/interior-design\/#primaryimage","url":"https:\/\/alvesarchitects.com\/wp-content\/uploads\/2025\/08\/Logo-black-EN-5.png","contentUrl":"https:\/\/alvesarchitects.com\/wp-content\/uploads\/2025\/08\/Logo-black-EN-5.png","width":1359,"height":438},{"@type":"BreadcrumbList","@id":"https:\/\/alvesarchitects.com\/services\/interior-design\/#breadcrumb","itemListElement":[{"@type":"ListItem","position":1,"name":"Home","item":"https:\/\/alvesarchitects.com\/"},{"@type":"ListItem","position":2,"name":"Services","item":"https:\/\/alvesarchitects.com\/services\/"},{"@type":"ListItem","position":3,"name":"Interior design"}]},{"@type":"WebSite","@id":"https:\/\/alvesarchitects.com\/#website","url":"https:\/\/alvesarchitects.com\/","name":"Alves & Architects","description":"We create spaces that tell stories","publisher":{"@id":"https:\/\/alvesarchitects.com\/#organization"},"potentialAction":[{"@type":"SearchAction","target":{"@type":"EntryPoint","urlTemplate":"https:\/\/alvesarchitects.com\/?s={search_term_string}"},"query-input":{"@type":"PropertyValueSpecification","valueRequired":true,"valueName":"search_term_string"}}],"inLanguage":"pt-PT"},{"@type":"Organization","@id":"https:\/\/alvesarchitects.com\/#organization","name":"Alves & Architects","url":"https:\/\/alvesarchitects.com\/","logo":{"@type":"ImageObject","inLanguage":"pt-PT","@id":"https:\/\/alvesarchitects.com\/#\/schema\/logo\/image\/","url":"https:\/\/alvesarchitects.com\/wp-content\/uploads\/2025\/08\/Logo-black-EN.png","contentUrl":"https:\/\/alvesarchitects.com\/wp-content\/uploads\/2025\/08\/Logo-black-EN.png","width":333,"height":329,"caption":"Alves & Architects"},"image":{"@id":"https:\/\/alvesarchitects.com\/#\/schema\/logo\/image\/"},"sameAs":["https:\/\/web.facebook.com\/alvesarquitectura","https:\/\/www.instagram.com\/alvesarchitects\/","https:\/\/www.tiktok.com\/@alvesearquitectos","https:\/\/www.pinterest.com\/alvesarquitectos\/","https:\/\/api.whatsapp.com\/send?phone=971553429447"]}]}},"_links":{"self":[{"href":"https:\/\/alvesarchitects.com\/pt\/wp-json\/wp\/v2\/pages\/989628","targetHints":{"allow":["GET"]}}],"collection":[{"href":"https:\/\/alvesarchitects.com\/pt\/wp-json\/wp\/v2\/pages"}],"about":[{"href":"https:\/\/alvesarchitects.com\/pt\/wp-json\/wp\/v2\/types\/page"}],"author":[{"embeddable":true,"href":"https:\/\/alvesarchitects.com\/pt\/wp-json\/wp\/v2\/users\/1"}],"replies":[{"embeddable":true,"href":"https:\/\/alvesarchitects.com\/pt\/wp-json\/wp\/v2\/comments?post=989628"}],"version-history":[{"count":4,"href":"https:\/\/alvesarchitects.com\/pt\/wp-json\/wp\/v2\/pages\/989628\/revisions"}],"predecessor-version":[{"id":989633,"href":"https:\/\/alvesarchitects.com\/pt\/wp-json\/wp\/v2\/pages\/989628\/revisions\/989633"}],"up":[{"embeddable":true,"href":"https:\/\/alvesarchitects.com\/pt\/wp-json\/wp\/v2\/pages\/25"}],"wp:featuredmedia":[{"embeddable":true,"href":"https:\/\/alvesarchitects.com\/pt\/wp-json\/wp\/v2\/media\/989627"}],"wp:attachment":[{"href":"https:\/\/alvesarchitects.com\/pt\/wp-json\/wp\/v2\/media?parent=989628"}],"curies":[{"name":"wp","href":"https:\/\/api.w.org\/{rel}","templated":true}]}}