{"id":989606,"date":"2025-08-14T12:41:48","date_gmt":"2025-08-14T12:41:48","guid":{"rendered":"https:\/\/alvesarchitects.com\/?page_id=989606"},"modified":"2025-08-14T13:18:33","modified_gmt":"2025-08-14T13:18:33","slug":"architectural","status":"publish","type":"page","link":"https:\/\/alvesarchitects.com\/pt\/services\/architectural\/","title":{"rendered":"Arquitectura"},"content":{"rendered":"<div data-elementor-type=\"wp-page\" data-elementor-id=\"989606\" class=\"elementor elementor-989606\" data-elementor-post-type=\"page\">\n\t\t\t\t<div data-particle_enable=\"false\" data-particle-mobile-disabled=\"false\" class=\"elementor-element elementor-element-57a4964 e-flex e-con-boxed e-con e-parent\" data-id=\"57a4964\" data-element_type=\"container\" data-e-type=\"container\">\n\t\t\t\t\t<div class=\"e-con-inner\">\n\t\t<div data-particle_enable=\"false\" data-particle-mobile-disabled=\"false\" class=\"elementor-element elementor-element-560995c e-con-full e-flex e-con e-child\" data-id=\"560995c\" data-element_type=\"container\" data-e-type=\"container\">\n\t\t<div data-particle_enable=\"false\" data-particle-mobile-disabled=\"false\" class=\"elementor-element elementor-element-e79a6af elementor-invisible e-con-full e-flex e-con e-child\" data-id=\"e79a6af\" data-element_type=\"container\" data-e-type=\"container\" data-settings=\"{&quot;sticky&quot;:&quot;top&quot;,&quot;sticky_on&quot;:[&quot;tablet&quot;],&quot;sticky_offset&quot;:80,&quot;sticky_offset_tablet&quot;:70,&quot;sticky_effects_offset&quot;:80,&quot;sticky_effects_offset_tablet&quot;:70,&quot;sticky_parent&quot;:&quot;yes&quot;,&quot;animation&quot;:&quot;fadeInLeft&quot;,&quot;sticky_anchor_link_offset&quot;:0}\">\n\t\t\t\t<div class=\"elementor-element elementor-element-cc6804f elementor-widget__width-initial elementor-widget-mobile__width-inherit elementor-widget elementor-widget-heading\" data-id=\"cc6804f\" data-element_type=\"widget\" data-e-type=\"widget\" data-widget_type=\"heading.default\">\n\t\t\t\t<div class=\"elementor-widget-container\">\n\t\t\t\t\t<h2 class=\"elementor-heading-title elementor-size-default\">Arquitectura<\/h2>\t\t\t\t<\/div>\n\t\t\t\t<\/div>\n\t\t\t\t<\/div>\n\t\t<div data-particle_enable=\"false\" data-particle-mobile-disabled=\"false\" class=\"elementor-element elementor-element-b550e33 elementor-invisible e-con-full e-flex e-con e-child\" data-id=\"b550e33\" data-element_type=\"container\" data-e-type=\"container\" data-settings=\"{&quot;animation&quot;:&quot;fadeInRight&quot;}\">\n\t\t\t\t<div class=\"elementor-element elementor-element-e614e13 elementor-widget elementor-widget-text-editor\" data-id=\"e614e13\" data-element_type=\"widget\" data-e-type=\"widget\" data-widget_type=\"text-editor.default\">\n\t\t\t\t<div class=\"elementor-widget-container\">\n\t\t\t\t\t\t\t\t\t<p style=\"text-align: justify;\">Prestamos servi\u00e7os arquitect\u00f3nicos abrangentes que cobrem todas as fases do ciclo de vida do projecto, garantindo uma execu\u00e7\u00e3o fluida desde o conceito inicial at\u00e9 \u00e0 conclus\u00e3o final. O nosso processo inicia-se na conceptualiza\u00e7\u00e3o, onde desenvolvemos ideias inovadoras, adaptadas especificamente \u00e0 sua vis\u00e3o e \u00e0s condi\u00e7\u00f5es singulares do local. <br \/><br \/><\/p><p>De seguida, aperfei\u00e7oamos estas ideias atrav\u00e9s do desenvolvimento detalhado do projecto, com foco tanto na est\u00e9tica como na funcionalidade, criando solu\u00e7\u00f5es equilibradas e pr\u00e1ticas. Asseguramos que todos os desenhos cumprem integralmente os c\u00f3digos de constru\u00e7\u00e3o locais, regulamentos de zoneamento e demais requisitos legais aplic\u00e1veis, prevenindo eventuais problemas durante a execu\u00e7\u00e3o da obra. <br \/><br \/><\/p><p>A nossa experi\u00eancia em planeamento espacial permite-nos optimizar a utiliza\u00e7\u00e3o do espa\u00e7o dispon\u00edvel, melhorando tanto a efici\u00eancia como o conforto dos usu\u00e1rios. Por fim, elaboramos documenta\u00e7\u00e3o t\u00e9cnica rigorosa, incluindo desenhos construtivos detalhados e especifica\u00e7\u00f5es abrangentes, que orientam de forma clara os empreiteiros e fornecedores ao longo de todo o processo de constru\u00e7\u00e3o.<\/p>\t\t\t\t\t\t\t\t<\/div>\n\t\t\t\t<\/div>\n\t\t\t\t<\/div>\n\t\t\t\t<\/div>\n\t\t\t\t\t<\/div>\n\t\t\t\t<\/div>\n\t\t<div data-particle_enable=\"false\" data-particle-mobile-disabled=\"false\" class=\"elementor-element elementor-element-c1ecf32 e-flex e-con-boxed e-con e-parent\" data-id=\"c1ecf32\" data-element_type=\"container\" data-e-type=\"container\">\n\t\t\t\t\t<div class=\"e-con-inner\">\n\t\t<div data-particle_enable=\"false\" data-particle-mobile-disabled=\"false\" class=\"elementor-element elementor-element-99f5013 e-con-full e-flex e-con e-child\" data-id=\"99f5013\" data-element_type=\"container\" data-e-type=\"container\">\n\t\t<div data-particle_enable=\"false\" data-particle-mobile-disabled=\"false\" class=\"elementor-element elementor-element-d0d1528 e-con-full e-flex e-con e-child\" data-id=\"d0d1528\" data-element_type=\"container\" data-e-type=\"container\">\n\t\t\t\t<div class=\"elementor-element elementor-element-9c8dd5a elementor-invisible elementor-widget elementor-widget-heading\" data-id=\"9c8dd5a\" data-element_type=\"widget\" data-e-type=\"widget\" data-settings=\"{&quot;_animation&quot;:&quot;fadeIn&quot;,&quot;_animation_delay&quot;:1000}\" data-widget_type=\"heading.default\">\n\t\t\t\t<div class=\"elementor-widget-container\">\n\t\t\t\t\t<h6 class=\"elementor-heading-title elementor-size-default\">Projectos de Arquitectura<\/h6>\t\t\t\t<\/div>\n\t\t\t\t<\/div>\n\t\t\t\t<\/div>\n\t\t\t\t<div class=\"elementor-element elementor-element-e29a3f5 elementor-widget elementor-widget-gallery\" data-id=\"e29a3f5\" data-element_type=\"widget\" data-e-type=\"widget\" data-settings=\"{&quot;lazyload&quot;:&quot;yes&quot;,&quot;gallery_layout&quot;:&quot;grid&quot;,&quot;columns&quot;:4,&quot;columns_tablet&quot;:2,&quot;columns_mobile&quot;:1,&quot;gap&quot;:{&quot;unit&quot;:&quot;px&quot;,&quot;size&quot;:10,&quot;sizes&quot;:[]},&quot;gap_tablet&quot;:{&quot;unit&quot;:&quot;px&quot;,&quot;size&quot;:10,&quot;sizes&quot;:[]},&quot;gap_mobile&quot;:{&quot;unit&quot;:&quot;px&quot;,&quot;size&quot;:10,&quot;sizes&quot;:[]},&quot;link_to&quot;:&quot;file&quot;,&quot;aspect_ratio&quot;:&quot;3:2&quot;,&quot;overlay_background&quot;:&quot;yes&quot;,&quot;content_hover_animation&quot;:&quot;fade-in&quot;}\" data-widget_type=\"gallery.default\">\n\t\t\t\t<div class=\"elementor-widget-container\">\n\t\t\t\t\t\t\t<div class=\"elementor-gallery__container\">\n\t\t\t\t\t\t\t<a class=\"e-gallery-item elementor-gallery-item elementor-animated-content\" href=\"https:\/\/alvesarchitects.com\/wp-content\/uploads\/2025\/08\/05-6.jpg\" data-elementor-open-lightbox=\"yes\" data-elementor-lightbox-slideshow=\"e29a3f5\" data-e-action-hash=\"#elementor-action%3Aaction%3Dlightbox%26settings%3DeyJpZCI6OTg4OTAzLCJ1cmwiOiJodHRwczpcL1wvYWx2ZXNhcmNoaXRlY3RzLmNvbVwvd3AtY29udGVudFwvdXBsb2Fkc1wvMjAyNVwvMDhcLzA1LTYuanBnIiwic2xpZGVzaG93IjoiZTI5YTNmNSJ9\">\n\t\t\t\t\t<div class=\"e-gallery-image elementor-gallery-item__image\" data-thumbnail=\"https:\/\/alvesarchitects.com\/wp-content\/uploads\/2025\/08\/05-6.jpg\" data-width=\"1092\" data-height=\"1456\" aria-label=\"\" role=\"img\" ><\/div>\n\t\t\t\t\t\t\t\t\t\t\t<div class=\"elementor-gallery-item__overlay\"><\/div>\n\t\t\t\t\t\t\t\t\t\t\t\t\t\t<\/a>\n\t\t\t\t\t\t\t<a class=\"e-gallery-item elementor-gallery-item elementor-animated-content\" href=\"https:\/\/alvesarchitects.com\/wp-content\/uploads\/2025\/08\/03-5.jpg\" data-elementor-open-lightbox=\"yes\" data-elementor-lightbox-slideshow=\"e29a3f5\" data-e-action-hash=\"#elementor-action%3Aaction%3Dlightbox%26settings%3DeyJpZCI6OTg4ODcxLCJ1cmwiOiJodHRwczpcL1wvYWx2ZXNhcmNoaXRlY3RzLmNvbVwvd3AtY29udGVudFwvdXBsb2Fkc1wvMjAyNVwvMDhcLzAzLTUuanBnIiwic2xpZGVzaG93IjoiZTI5YTNmNSJ9\">\n\t\t\t\t\t<div class=\"e-gallery-image elementor-gallery-item__image\" data-thumbnail=\"https:\/\/alvesarchitects.com\/wp-content\/uploads\/2025\/08\/03-5.jpg\" data-width=\"1092\" data-height=\"1241\" aria-label=\"\" role=\"img\" ><\/div>\n\t\t\t\t\t\t\t\t\t\t\t<div class=\"elementor-gallery-item__overlay\"><\/div>\n\t\t\t\t\t\t\t\t\t\t\t\t\t\t<\/a>\n\t\t\t\t\t\t\t<a class=\"e-gallery-item elementor-gallery-item elementor-animated-content\" href=\"https:\/\/alvesarchitects.com\/wp-content\/uploads\/2025\/08\/10.jpg\" data-elementor-open-lightbox=\"yes\" data-elementor-lightbox-slideshow=\"e29a3f5\" data-e-action-hash=\"#elementor-action%3Aaction%3Dlightbox%26settings%3DeyJpZCI6OTg4ODAxLCJ1cmwiOiJodHRwczpcL1wvYWx2ZXNhcmNoaXRlY3RzLmNvbVwvd3AtY29udGVudFwvdXBsb2Fkc1wvMjAyNVwvMDhcLzEwLmpwZyIsInNsaWRlc2hvdyI6ImUyOWEzZjUifQ%3D%3D\">\n\t\t\t\t\t<div class=\"e-gallery-image elementor-gallery-item__image\" data-thumbnail=\"https:\/\/alvesarchitects.com\/wp-content\/uploads\/2025\/08\/10.jpg\" data-width=\"1092\" data-height=\"1456\" aria-label=\"\" role=\"img\" ><\/div>\n\t\t\t\t\t\t\t\t\t\t\t<div class=\"elementor-gallery-item__overlay\"><\/div>\n\t\t\t\t\t\t\t\t\t\t\t\t\t\t<\/a>\n\t\t\t\t\t\t\t<a class=\"e-gallery-item elementor-gallery-item elementor-animated-content\" href=\"https:\/\/alvesarchitects.com\/wp-content\/uploads\/2025\/08\/02-1.jpg\" data-elementor-open-lightbox=\"yes\" data-elementor-lightbox-slideshow=\"e29a3f5\" data-e-action-hash=\"#elementor-action%3Aaction%3Dlightbox%26settings%3DeyJpZCI6OTg4ODEzLCJ1cmwiOiJodHRwczpcL1wvYWx2ZXNhcmNoaXRlY3RzLmNvbVwvd3AtY29udGVudFwvdXBsb2Fkc1wvMjAyNVwvMDhcLzAyLTEuanBnIiwic2xpZGVzaG93IjoiZTI5YTNmNSJ9\">\n\t\t\t\t\t<div class=\"e-gallery-image elementor-gallery-item__image\" data-thumbnail=\"https:\/\/alvesarchitects.com\/wp-content\/uploads\/2025\/08\/02-1.jpg\" data-width=\"1092\" data-height=\"1456\" aria-label=\"\" role=\"img\" ><\/div>\n\t\t\t\t\t\t\t\t\t\t\t<div class=\"elementor-gallery-item__overlay\"><\/div>\n\t\t\t\t\t\t\t\t\t\t\t\t\t\t<\/a>\n\t\t\t\t\t<\/div>\n\t\t\t\t\t<\/div>\n\t\t\t\t<\/div>\n\t\t\t\t<\/div>\n\t\t\t\t\t<\/div>\n\t\t\t\t<\/div>\n\t\t\t\t<\/div>","protected":false},"excerpt":{"rendered":"<p>Architectural We provide comprehensive architectural services that cover every stage of the project lifecycle, ensuring a seamless journey from initial concept to final execution. Our process begins with conceptualization, where we develop innovative ideas tailored specifically to your vision and the unique conditions of your site. Following this, we refine these ideas through detailed design&#8230;<\/p>","protected":false},"author":1,"featured_media":989627,"parent":25,"menu_order":0,"comment_status":"closed","ping_status":"closed","template":"essential-blocks-fullwidth-template.php","meta":{"_eb_attr":"","footnotes":""},"class_list":["post-989606","page","type-page","status-publish","has-post-thumbnail","hentry"],"yoast_head":"<!-- This site is optimized with the Yoast SEO Premium plugin v25.6 (Yoast SEO v27.3) - https:\/\/yoast.com\/product\/yoast-seo-premium-wordpress\/ -->\n<title>Architectural - Alves &amp; Architects<\/title>\n<meta name=\"description\" content=\"Comprehensive architectural services from concept to execution, delivering innovative designs, optimized spaces and technical documentation.\" \/>\n<meta name=\"robots\" content=\"index, follow, max-snippet:-1, max-image-preview:large, max-video-preview:-1\" \/>\n<link rel=\"canonical\" href=\"https:\/\/alvesarchitects.com\/pt\/services\/architectural\/\" \/>\n<meta property=\"og:locale\" content=\"pt_PT\" \/>\n<meta property=\"og:type\" content=\"article\" \/>\n<meta property=\"og:title\" content=\"Architectural\" \/>\n<meta property=\"og:description\" content=\"Comprehensive architectural services from concept to execution, delivering innovative designs, optimized spaces and technical documentation.\" \/>\n<meta property=\"og:url\" content=\"https:\/\/alvesarchitects.com\/pt\/services\/architectural\/\" \/>\n<meta property=\"og:site_name\" content=\"Alves &amp; Architects\" \/>\n<meta property=\"article:publisher\" content=\"https:\/\/web.facebook.com\/alvesarquitectura\" \/>\n<meta property=\"article:modified_time\" content=\"2025-08-14T13:18:33+00:00\" \/>\n<meta property=\"og:image\" content=\"https:\/\/alvesarchitects.com\/wp-content\/uploads\/2025\/08\/Logo-black-EN-5.png\" \/>\n\t<meta property=\"og:image:width\" content=\"1359\" \/>\n\t<meta property=\"og:image:height\" content=\"438\" \/>\n\t<meta property=\"og:image:type\" content=\"image\/png\" \/>\n<meta name=\"twitter:card\" content=\"summary_large_image\" \/>\n<meta name=\"twitter:label1\" content=\"Tempo estimado de leitura\" \/>\n\t<meta name=\"twitter:data1\" content=\"1 minuto\" \/>\n<script type=\"application\/ld+json\" class=\"yoast-schema-graph\">{\"@context\":\"https:\\\/\\\/schema.org\",\"@graph\":[{\"@type\":\"WebPage\",\"@id\":\"https:\\\/\\\/alvesarchitects.com\\\/services\\\/architectural\\\/\",\"url\":\"https:\\\/\\\/alvesarchitects.com\\\/services\\\/architectural\\\/\",\"name\":\"Architectural - Alves &amp; Architects\",\"isPartOf\":{\"@id\":\"https:\\\/\\\/alvesarchitects.com\\\/#website\"},\"primaryImageOfPage\":{\"@id\":\"https:\\\/\\\/alvesarchitects.com\\\/services\\\/architectural\\\/#primaryimage\"},\"image\":{\"@id\":\"https:\\\/\\\/alvesarchitects.com\\\/services\\\/architectural\\\/#primaryimage\"},\"thumbnailUrl\":\"https:\\\/\\\/alvesarchitects.com\\\/wp-content\\\/uploads\\\/2025\\\/08\\\/Logo-black-EN-5.png\",\"datePublished\":\"2025-08-14T12:41:48+00:00\",\"dateModified\":\"2025-08-14T13:18:33+00:00\",\"description\":\"Comprehensive architectural services from concept to execution, delivering innovative designs, optimized spaces and technical documentation.\",\"breadcrumb\":{\"@id\":\"https:\\\/\\\/alvesarchitects.com\\\/services\\\/architectural\\\/#breadcrumb\"},\"inLanguage\":\"pt-PT\",\"potentialAction\":[{\"@type\":\"ReadAction\",\"target\":[\"https:\\\/\\\/alvesarchitects.com\\\/services\\\/architectural\\\/\"]}]},{\"@type\":\"ImageObject\",\"inLanguage\":\"pt-PT\",\"@id\":\"https:\\\/\\\/alvesarchitects.com\\\/services\\\/architectural\\\/#primaryimage\",\"url\":\"https:\\\/\\\/alvesarchitects.com\\\/wp-content\\\/uploads\\\/2025\\\/08\\\/Logo-black-EN-5.png\",\"contentUrl\":\"https:\\\/\\\/alvesarchitects.com\\\/wp-content\\\/uploads\\\/2025\\\/08\\\/Logo-black-EN-5.png\",\"width\":1359,\"height\":438},{\"@type\":\"BreadcrumbList\",\"@id\":\"https:\\\/\\\/alvesarchitects.com\\\/services\\\/architectural\\\/#breadcrumb\",\"itemListElement\":[{\"@type\":\"ListItem\",\"position\":1,\"name\":\"Home\",\"item\":\"https:\\\/\\\/alvesarchitects.com\\\/\"},{\"@type\":\"ListItem\",\"position\":2,\"name\":\"Services\",\"item\":\"https:\\\/\\\/alvesarchitects.com\\\/services\\\/\"},{\"@type\":\"ListItem\",\"position\":3,\"name\":\"Architectural\"}]},{\"@type\":\"WebSite\",\"@id\":\"https:\\\/\\\/alvesarchitects.com\\\/#website\",\"url\":\"https:\\\/\\\/alvesarchitects.com\\\/\",\"name\":\"Alves & Architects\",\"description\":\"We create spaces that tell stories\",\"publisher\":{\"@id\":\"https:\\\/\\\/alvesarchitects.com\\\/#organization\"},\"potentialAction\":[{\"@type\":\"SearchAction\",\"target\":{\"@type\":\"EntryPoint\",\"urlTemplate\":\"https:\\\/\\\/alvesarchitects.com\\\/?s={search_term_string}\"},\"query-input\":{\"@type\":\"PropertyValueSpecification\",\"valueRequired\":true,\"valueName\":\"search_term_string\"}}],\"inLanguage\":\"pt-PT\"},{\"@type\":\"Organization\",\"@id\":\"https:\\\/\\\/alvesarchitects.com\\\/#organization\",\"name\":\"Alves & Architects\",\"url\":\"https:\\\/\\\/alvesarchitects.com\\\/\",\"logo\":{\"@type\":\"ImageObject\",\"inLanguage\":\"pt-PT\",\"@id\":\"https:\\\/\\\/alvesarchitects.com\\\/#\\\/schema\\\/logo\\\/image\\\/\",\"url\":\"https:\\\/\\\/alvesarchitects.com\\\/wp-content\\\/uploads\\\/2025\\\/08\\\/Logo-black-EN.png\",\"contentUrl\":\"https:\\\/\\\/alvesarchitects.com\\\/wp-content\\\/uploads\\\/2025\\\/08\\\/Logo-black-EN.png\",\"width\":333,\"height\":329,\"caption\":\"Alves & Architects\"},\"image\":{\"@id\":\"https:\\\/\\\/alvesarchitects.com\\\/#\\\/schema\\\/logo\\\/image\\\/\"},\"sameAs\":[\"https:\\\/\\\/web.facebook.com\\\/alvesarquitectura\",\"https:\\\/\\\/www.instagram.com\\\/alvesarchitects\\\/\",\"https:\\\/\\\/www.tiktok.com\\\/@alvesearquitectos\",\"https:\\\/\\\/www.pinterest.com\\\/alvesarquitectos\\\/\",\"https:\\\/\\\/api.whatsapp.com\\\/send?phone=971553429447\"]}]}<\/script>\n<!-- \/ Yoast SEO Premium plugin. -->","yoast_head_json":{"title":"Architectural - Alves &amp; Architects","description":"Comprehensive architectural services from concept to execution, delivering innovative designs, optimized spaces and technical documentation.","robots":{"index":"index","follow":"follow","max-snippet":"max-snippet:-1","max-image-preview":"max-image-preview:large","max-video-preview":"max-video-preview:-1"},"canonical":"https:\/\/alvesarchitects.com\/pt\/services\/architectural\/","og_locale":"pt_PT","og_type":"article","og_title":"Architectural","og_description":"Comprehensive architectural services from concept to execution, delivering innovative designs, optimized spaces and technical documentation.","og_url":"https:\/\/alvesarchitects.com\/pt\/services\/architectural\/","og_site_name":"Alves &amp; Architects","article_publisher":"https:\/\/web.facebook.com\/alvesarquitectura","article_modified_time":"2025-08-14T13:18:33+00:00","og_image":[{"width":1359,"height":438,"url":"https:\/\/alvesarchitects.com\/wp-content\/uploads\/2025\/08\/Logo-black-EN-5.png","type":"image\/png"}],"twitter_card":"summary_large_image","twitter_misc":{"Tempo estimado de leitura":"1 minuto"},"schema":{"@context":"https:\/\/schema.org","@graph":[{"@type":"WebPage","@id":"https:\/\/alvesarchitects.com\/services\/architectural\/","url":"https:\/\/alvesarchitects.com\/services\/architectural\/","name":"Architectural - Alves &amp; Architects","isPartOf":{"@id":"https:\/\/alvesarchitects.com\/#website"},"primaryImageOfPage":{"@id":"https:\/\/alvesarchitects.com\/services\/architectural\/#primaryimage"},"image":{"@id":"https:\/\/alvesarchitects.com\/services\/architectural\/#primaryimage"},"thumbnailUrl":"https:\/\/alvesarchitects.com\/wp-content\/uploads\/2025\/08\/Logo-black-EN-5.png","datePublished":"2025-08-14T12:41:48+00:00","dateModified":"2025-08-14T13:18:33+00:00","description":"Comprehensive architectural services from concept to execution, delivering innovative designs, optimized spaces and technical documentation.","breadcrumb":{"@id":"https:\/\/alvesarchitects.com\/services\/architectural\/#breadcrumb"},"inLanguage":"pt-PT","potentialAction":[{"@type":"ReadAction","target":["https:\/\/alvesarchitects.com\/services\/architectural\/"]}]},{"@type":"ImageObject","inLanguage":"pt-PT","@id":"https:\/\/alvesarchitects.com\/services\/architectural\/#primaryimage","url":"https:\/\/alvesarchitects.com\/wp-content\/uploads\/2025\/08\/Logo-black-EN-5.png","contentUrl":"https:\/\/alvesarchitects.com\/wp-content\/uploads\/2025\/08\/Logo-black-EN-5.png","width":1359,"height":438},{"@type":"BreadcrumbList","@id":"https:\/\/alvesarchitects.com\/services\/architectural\/#breadcrumb","itemListElement":[{"@type":"ListItem","position":1,"name":"Home","item":"https:\/\/alvesarchitects.com\/"},{"@type":"ListItem","position":2,"name":"Services","item":"https:\/\/alvesarchitects.com\/services\/"},{"@type":"ListItem","position":3,"name":"Architectural"}]},{"@type":"WebSite","@id":"https:\/\/alvesarchitects.com\/#website","url":"https:\/\/alvesarchitects.com\/","name":"Alves & Architects","description":"We create spaces that tell stories","publisher":{"@id":"https:\/\/alvesarchitects.com\/#organization"},"potentialAction":[{"@type":"SearchAction","target":{"@type":"EntryPoint","urlTemplate":"https:\/\/alvesarchitects.com\/?s={search_term_string}"},"query-input":{"@type":"PropertyValueSpecification","valueRequired":true,"valueName":"search_term_string"}}],"inLanguage":"pt-PT"},{"@type":"Organization","@id":"https:\/\/alvesarchitects.com\/#organization","name":"Alves & Architects","url":"https:\/\/alvesarchitects.com\/","logo":{"@type":"ImageObject","inLanguage":"pt-PT","@id":"https:\/\/alvesarchitects.com\/#\/schema\/logo\/image\/","url":"https:\/\/alvesarchitects.com\/wp-content\/uploads\/2025\/08\/Logo-black-EN.png","contentUrl":"https:\/\/alvesarchitects.com\/wp-content\/uploads\/2025\/08\/Logo-black-EN.png","width":333,"height":329,"caption":"Alves & Architects"},"image":{"@id":"https:\/\/alvesarchitects.com\/#\/schema\/logo\/image\/"},"sameAs":["https:\/\/web.facebook.com\/alvesarquitectura","https:\/\/www.instagram.com\/alvesarchitects\/","https:\/\/www.tiktok.com\/@alvesearquitectos","https:\/\/www.pinterest.com\/alvesarquitectos\/","https:\/\/api.whatsapp.com\/send?phone=971553429447"]}]}},"_links":{"self":[{"href":"https:\/\/alvesarchitects.com\/pt\/wp-json\/wp\/v2\/pages\/989606","targetHints":{"allow":["GET"]}}],"collection":[{"href":"https:\/\/alvesarchitects.com\/pt\/wp-json\/wp\/v2\/pages"}],"about":[{"href":"https:\/\/alvesarchitects.com\/pt\/wp-json\/wp\/v2\/types\/page"}],"author":[{"embeddable":true,"href":"https:\/\/alvesarchitects.com\/pt\/wp-json\/wp\/v2\/users\/1"}],"replies":[{"embeddable":true,"href":"https:\/\/alvesarchitects.com\/pt\/wp-json\/wp\/v2\/comments?post=989606"}],"version-history":[{"count":13,"href":"https:\/\/alvesarchitects.com\/pt\/wp-json\/wp\/v2\/pages\/989606\/revisions"}],"predecessor-version":[{"id":989622,"href":"https:\/\/alvesarchitects.com\/pt\/wp-json\/wp\/v2\/pages\/989606\/revisions\/989622"}],"up":[{"embeddable":true,"href":"https:\/\/alvesarchitects.com\/pt\/wp-json\/wp\/v2\/pages\/25"}],"wp:featuredmedia":[{"embeddable":true,"href":"https:\/\/alvesarchitects.com\/pt\/wp-json\/wp\/v2\/media\/989627"}],"wp:attachment":[{"href":"https:\/\/alvesarchitects.com\/pt\/wp-json\/wp\/v2\/media?parent=989606"}],"curies":[{"name":"wp","href":"https:\/\/api.w.org\/{rel}","templated":true}]}}