{"id":987971,"date":"2025-07-21T17:53:14","date_gmt":"2025-07-21T17:53:14","guid":{"rendered":"https:\/\/portaldeemprego.com\/?page_id=987971"},"modified":"2025-08-04T22:02:04","modified_gmt":"2025-08-04T22:02:04","slug":"career","status":"publish","type":"page","link":"https:\/\/alvesarchitects.com\/pt\/career\/","title":{"rendered":"Carreira"},"content":{"rendered":"<div data-elementor-type=\"wp-page\" data-elementor-id=\"987971\" class=\"elementor elementor-987971\" data-elementor-post-type=\"page\">\n\t\t\t\t<div data-particle_enable=\"false\" data-particle-mobile-disabled=\"false\" class=\"elementor-element elementor-element-f3cc808 e-flex e-con-boxed e-con e-parent\" data-id=\"f3cc808\" data-element_type=\"container\" data-e-type=\"container\">\n\t\t\t\t\t<div class=\"e-con-inner\">\n\t\t\t\t<div class=\"elementor-element elementor-element-0c00f2c elementor-widget elementor-widget-heading\" data-id=\"0c00f2c\" data-element_type=\"widget\" data-e-type=\"widget\" data-widget_type=\"heading.default\">\n\t\t\t\t<div class=\"elementor-widget-container\">\n\t\t\t\t\t<h2 class=\"elementor-heading-title elementor-size-default\">\nVagas em Aberto\n\n<\/h2>\t\t\t\t<\/div>\n\t\t\t\t<\/div>\n\t\t\t\t<div class=\"elementor-element elementor-element-2b688e8 elementor-widget elementor-widget-text-editor\" data-id=\"2b688e8\" data-element_type=\"widget\" data-e-type=\"widget\" data-widget_type=\"text-editor.default\">\n\t\t\t\t<div class=\"elementor-widget-container\">\n\t\t\t\t\t\t\t\t\t<p>Junte-se \u00e0 nossa equipa e contribua para a concretiza\u00e7\u00e3o de projetos impactantes.<br data-start=\"116\" data-end=\"119\" \/>Valorizamos a criatividade, a colabora\u00e7\u00e3o e o compromisso com a excel\u00eancia.<br data-start=\"186\" data-end=\"189\" \/><strong>Cres\u00e7a connosco.<\/strong><\/p>\t\t\t\t\t\t\t\t<\/div>\n\t\t\t\t<\/div>\n\t\t\t\t\t<\/div>\n\t\t\t\t<\/div>\n\t\t<div data-particle_enable=\"false\" data-particle-mobile-disabled=\"false\" class=\"elementor-element elementor-element-c94b901 e-flex e-con-boxed e-con e-parent\" data-id=\"c94b901\" data-element_type=\"container\" data-e-type=\"container\">\n\t\t\t\t\t<div class=\"e-con-inner\">\n\t\t\t\t<div class=\"elementor-element elementor-element-04c5265 elementor-widget elementor-widget-text-editor\" data-id=\"04c5265\" data-element_type=\"widget\" data-e-type=\"widget\" data-widget_type=\"text-editor.default\">\n\t\t\t\t<div class=\"elementor-widget-container\">\n\t\t\t\t\t\t\t\t\t<p>Siga esta p\u00e1gina para se manter informado sobre futuras vagas e oportunidades na nossa empresa.<\/p>\t\t\t\t\t\t\t\t<\/div>\n\t\t\t\t<\/div>\n\t\t\t\t<div class=\"elementor-element elementor-element-3d523ae elementor-widget elementor-widget-text-editor\" data-id=\"3d523ae\" data-element_type=\"widget\" data-e-type=\"widget\" data-widget_type=\"text-editor.default\">\n\t\t\t\t<div class=\"elementor-widget-container\">\n\t\t\t\t\t\t\t\t\t<p>Agradecemos o seu interesse em fazer parte da nossa equipa.<\/p>\t\t\t\t\t\t\t\t<\/div>\n\t\t\t\t<\/div>\n\t\t\t\t\t<\/div>\n\t\t\t\t<\/div>\n\t\t<div data-particle_enable=\"false\" data-particle-mobile-disabled=\"false\" class=\"elementor-element elementor-element-ed20df3 e-con-full e-flex e-con e-parent\" data-id=\"ed20df3\" data-element_type=\"container\" data-e-type=\"container\" data-settings=\"{&quot;background_background&quot;:&quot;classic&quot;}\">\n\t\t<div data-particle_enable=\"false\" data-particle-mobile-disabled=\"false\" class=\"elementor-element elementor-element-8653e00 e-con-full e-flex e-con e-child\" data-id=\"8653e00\" data-element_type=\"container\" data-e-type=\"container\" data-settings=\"{&quot;background_background&quot;:&quot;classic&quot;}\">\n\t\t<div data-particle_enable=\"false\" data-particle-mobile-disabled=\"false\" class=\"elementor-element elementor-element-3a9c271 e-con-full e-flex e-con e-child\" data-id=\"3a9c271\" data-element_type=\"container\" data-e-type=\"container\" data-settings=\"{&quot;background_background&quot;:&quot;classic&quot;}\">\n\t\t<div data-particle_enable=\"false\" data-particle-mobile-disabled=\"false\" class=\"elementor-element elementor-element-9f5a544 e-con-full e-flex e-con e-child\" data-id=\"9f5a544\" data-element_type=\"container\" data-e-type=\"container\">\n\t\t\t\t<\/div>\n\t\t\t\t<\/div>\n\t\t<div data-particle_enable=\"false\" data-particle-mobile-disabled=\"false\" class=\"elementor-element elementor-element-0741e94 e-con-full e-flex e-con e-child\" data-id=\"0741e94\" data-element_type=\"container\" data-e-type=\"container\" data-settings=\"{&quot;background_background&quot;:&quot;classic&quot;}\">\n\t\t<div data-particle_enable=\"false\" data-particle-mobile-disabled=\"false\" class=\"elementor-element elementor-element-bc924a4 e-con-full blur-background e-flex e-con e-child\" data-id=\"bc924a4\" data-element_type=\"container\" data-e-type=\"container\">\n\t\t\t\t<div class=\"elementor-element elementor-element-eb6636a elementor-invisible animated-fast elementor-widget elementor-widget-heading\" data-id=\"eb6636a\" data-element_type=\"widget\" data-e-type=\"widget\" data-settings=\"{&quot;_animation&quot;:&quot;slideInUp&quot;}\" data-widget_type=\"heading.default\">\n\t\t\t\t<div class=\"elementor-widget-container\">\n\t\t\t\t\t<h2 class=\"elementor-heading-title elementor-size-default\">Candidate-se \u00e0s vagas de emprego e est\u00e1gios.<\/h2>\t\t\t\t<\/div>\n\t\t\t\t<\/div>\n\t\t\t\t<\/div>\n\t\t\t\t<\/div>\n\t\t\t\t<\/div>\n\t\t\t\t<\/div>\n\t\t\t\t<\/div>","protected":false},"excerpt":{"rendered":"<p>Current open positions Join our team and help shape meaningful projects.We value creativity, collaboration, and a commitment to excellence.Grow with us. Follow this page to stay informed about future job openings and opportunities at our company. We appreciate your interest in joining our team Apply for job openings and internships<\/p>","protected":false},"author":1,"featured_media":0,"parent":0,"menu_order":0,"comment_status":"closed","ping_status":"closed","template":"elementor_header_footer","meta":{"_eb_attr":"","footnotes":""},"class_list":["post-987971","page","type-page","status-publish","hentry"],"yoast_head":"<!-- This site is optimized with the Yoast SEO Premium plugin v25.6 (Yoast SEO v27.3) - https:\/\/yoast.com\/product\/yoast-seo-premium-wordpress\/ -->\n<title>Career - Alves &amp; Architects<\/title>\n<meta name=\"robots\" content=\"index, follow, max-snippet:-1, max-image-preview:large, max-video-preview:-1\" \/>\n<link rel=\"canonical\" href=\"https:\/\/alvesarchitects.com\/pt\/career\/\" \/>\n<meta property=\"og:locale\" content=\"pt_PT\" \/>\n<meta property=\"og:type\" content=\"article\" \/>\n<meta property=\"og:title\" content=\"Career\" \/>\n<meta property=\"og:description\" content=\"Current open positions Join our team and help shape meaningful projects.We value creativity, collaboration, and a commitment to excellence.Grow with us. Follow this page to stay informed about future job openings and opportunities at our company. We appreciate your interest in joining our team Apply for job openings and internships\" \/>\n<meta property=\"og:url\" content=\"https:\/\/alvesarchitects.com\/pt\/career\/\" \/>\n<meta property=\"og:site_name\" content=\"Alves &amp; Architects\" \/>\n<meta property=\"article:publisher\" content=\"https:\/\/web.facebook.com\/alvesarquitectura\" \/>\n<meta property=\"article:modified_time\" content=\"2025-08-04T22:02:04+00:00\" \/>\n<meta name=\"twitter:card\" content=\"summary_large_image\" \/>\n<script type=\"application\/ld+json\" class=\"yoast-schema-graph\">{\"@context\":\"https:\\\/\\\/schema.org\",\"@graph\":[{\"@type\":\"WebPage\",\"@id\":\"https:\\\/\\\/alvesarchitects.com\\\/career\\\/\",\"url\":\"https:\\\/\\\/alvesarchitects.com\\\/career\\\/\",\"name\":\"Career - Alves &amp; Architects\",\"isPartOf\":{\"@id\":\"https:\\\/\\\/alvesarchitects.com\\\/#website\"},\"datePublished\":\"2025-07-21T17:53:14+00:00\",\"dateModified\":\"2025-08-04T22:02:04+00:00\",\"breadcrumb\":{\"@id\":\"https:\\\/\\\/alvesarchitects.com\\\/career\\\/#breadcrumb\"},\"inLanguage\":\"pt-PT\",\"potentialAction\":[{\"@type\":\"ReadAction\",\"target\":[\"https:\\\/\\\/alvesarchitects.com\\\/career\\\/\"]}]},{\"@type\":\"BreadcrumbList\",\"@id\":\"https:\\\/\\\/alvesarchitects.com\\\/career\\\/#breadcrumb\",\"itemListElement\":[{\"@type\":\"ListItem\",\"position\":1,\"name\":\"Home\",\"item\":\"https:\\\/\\\/alvesarchitects.com\\\/\"},{\"@type\":\"ListItem\",\"position\":2,\"name\":\"Career\"}]},{\"@type\":\"WebSite\",\"@id\":\"https:\\\/\\\/alvesarchitects.com\\\/#website\",\"url\":\"https:\\\/\\\/alvesarchitects.com\\\/\",\"name\":\"Alves & Architects\",\"description\":\"We create spaces that tell stories\",\"publisher\":{\"@id\":\"https:\\\/\\\/alvesarchitects.com\\\/#organization\"},\"potentialAction\":[{\"@type\":\"SearchAction\",\"target\":{\"@type\":\"EntryPoint\",\"urlTemplate\":\"https:\\\/\\\/alvesarchitects.com\\\/?s={search_term_string}\"},\"query-input\":{\"@type\":\"PropertyValueSpecification\",\"valueRequired\":true,\"valueName\":\"search_term_string\"}}],\"inLanguage\":\"pt-PT\"},{\"@type\":\"Organization\",\"@id\":\"https:\\\/\\\/alvesarchitects.com\\\/#organization\",\"name\":\"Alves & Architects\",\"url\":\"https:\\\/\\\/alvesarchitects.com\\\/\",\"logo\":{\"@type\":\"ImageObject\",\"inLanguage\":\"pt-PT\",\"@id\":\"https:\\\/\\\/alvesarchitects.com\\\/#\\\/schema\\\/logo\\\/image\\\/\",\"url\":\"https:\\\/\\\/alvesarchitects.com\\\/wp-content\\\/uploads\\\/2025\\\/08\\\/Logo-black-EN.png\",\"contentUrl\":\"https:\\\/\\\/alvesarchitects.com\\\/wp-content\\\/uploads\\\/2025\\\/08\\\/Logo-black-EN.png\",\"width\":333,\"height\":329,\"caption\":\"Alves & Architects\"},\"image\":{\"@id\":\"https:\\\/\\\/alvesarchitects.com\\\/#\\\/schema\\\/logo\\\/image\\\/\"},\"sameAs\":[\"https:\\\/\\\/web.facebook.com\\\/alvesarquitectura\",\"https:\\\/\\\/www.instagram.com\\\/alvesarchitects\\\/\",\"https:\\\/\\\/www.tiktok.com\\\/@alvesearquitectos\",\"https:\\\/\\\/www.pinterest.com\\\/alvesarquitectos\\\/\",\"https:\\\/\\\/api.whatsapp.com\\\/send?phone=971553429447\"]}]}<\/script>\n<!-- \/ Yoast SEO Premium plugin. -->","yoast_head_json":{"title":"Career - Alves &amp; Architects","robots":{"index":"index","follow":"follow","max-snippet":"max-snippet:-1","max-image-preview":"max-image-preview:large","max-video-preview":"max-video-preview:-1"},"canonical":"https:\/\/alvesarchitects.com\/pt\/career\/","og_locale":"pt_PT","og_type":"article","og_title":"Career","og_description":"Current open positions Join our team and help shape meaningful projects.We value creativity, collaboration, and a commitment to excellence.Grow with us. Follow this page to stay informed about future job openings and opportunities at our company. We appreciate your interest in joining our team Apply for job openings and internships","og_url":"https:\/\/alvesarchitects.com\/pt\/career\/","og_site_name":"Alves &amp; Architects","article_publisher":"https:\/\/web.facebook.com\/alvesarquitectura","article_modified_time":"2025-08-04T22:02:04+00:00","twitter_card":"summary_large_image","schema":{"@context":"https:\/\/schema.org","@graph":[{"@type":"WebPage","@id":"https:\/\/alvesarchitects.com\/career\/","url":"https:\/\/alvesarchitects.com\/career\/","name":"Career - Alves &amp; Architects","isPartOf":{"@id":"https:\/\/alvesarchitects.com\/#website"},"datePublished":"2025-07-21T17:53:14+00:00","dateModified":"2025-08-04T22:02:04+00:00","breadcrumb":{"@id":"https:\/\/alvesarchitects.com\/career\/#breadcrumb"},"inLanguage":"pt-PT","potentialAction":[{"@type":"ReadAction","target":["https:\/\/alvesarchitects.com\/career\/"]}]},{"@type":"BreadcrumbList","@id":"https:\/\/alvesarchitects.com\/career\/#breadcrumb","itemListElement":[{"@type":"ListItem","position":1,"name":"Home","item":"https:\/\/alvesarchitects.com\/"},{"@type":"ListItem","position":2,"name":"Career"}]},{"@type":"WebSite","@id":"https:\/\/alvesarchitects.com\/#website","url":"https:\/\/alvesarchitects.com\/","name":"Alves & Architects","description":"We create spaces that tell stories","publisher":{"@id":"https:\/\/alvesarchitects.com\/#organization"},"potentialAction":[{"@type":"SearchAction","target":{"@type":"EntryPoint","urlTemplate":"https:\/\/alvesarchitects.com\/?s={search_term_string}"},"query-input":{"@type":"PropertyValueSpecification","valueRequired":true,"valueName":"search_term_string"}}],"inLanguage":"pt-PT"},{"@type":"Organization","@id":"https:\/\/alvesarchitects.com\/#organization","name":"Alves & Architects","url":"https:\/\/alvesarchitects.com\/","logo":{"@type":"ImageObject","inLanguage":"pt-PT","@id":"https:\/\/alvesarchitects.com\/#\/schema\/logo\/image\/","url":"https:\/\/alvesarchitects.com\/wp-content\/uploads\/2025\/08\/Logo-black-EN.png","contentUrl":"https:\/\/alvesarchitects.com\/wp-content\/uploads\/2025\/08\/Logo-black-EN.png","width":333,"height":329,"caption":"Alves & Architects"},"image":{"@id":"https:\/\/alvesarchitects.com\/#\/schema\/logo\/image\/"},"sameAs":["https:\/\/web.facebook.com\/alvesarquitectura","https:\/\/www.instagram.com\/alvesarchitects\/","https:\/\/www.tiktok.com\/@alvesearquitectos","https:\/\/www.pinterest.com\/alvesarquitectos\/","https:\/\/api.whatsapp.com\/send?phone=971553429447"]}]}},"_links":{"self":[{"href":"https:\/\/alvesarchitects.com\/pt\/wp-json\/wp\/v2\/pages\/987971","targetHints":{"allow":["GET"]}}],"collection":[{"href":"https:\/\/alvesarchitects.com\/pt\/wp-json\/wp\/v2\/pages"}],"about":[{"href":"https:\/\/alvesarchitects.com\/pt\/wp-json\/wp\/v2\/types\/page"}],"author":[{"embeddable":true,"href":"https:\/\/alvesarchitects.com\/pt\/wp-json\/wp\/v2\/users\/1"}],"replies":[{"embeddable":true,"href":"https:\/\/alvesarchitects.com\/pt\/wp-json\/wp\/v2\/comments?post=987971"}],"version-history":[{"count":116,"href":"https:\/\/alvesarchitects.com\/pt\/wp-json\/wp\/v2\/pages\/987971\/revisions"}],"predecessor-version":[{"id":989072,"href":"https:\/\/alvesarchitects.com\/pt\/wp-json\/wp\/v2\/pages\/987971\/revisions\/989072"}],"wp:attachment":[{"href":"https:\/\/alvesarchitects.com\/pt\/wp-json\/wp\/v2\/media?parent=987971"}],"curies":[{"name":"wp","href":"https:\/\/api.w.org\/{rel}","templated":true}]}}